{"id":1398,"date":"2022-04-01T17:00:47","date_gmt":"2022-04-01T20:00:47","guid":{"rendered":"https:\/\/mqteste1.azurewebsites.net\/wp\/?page_id=1398"},"modified":"2023-06-28T14:45:42","modified_gmt":"2023-06-28T17:45:42","slug":"contacto","status":"publish","type":"page","link":"https:\/\/marqconsult.com\/es\/contacto\/","title":{"rendered":"Contacto"},"content":{"rendered":"\t\t<div data-elementor-type=\"wp-page\" data-elementor-id=\"1398\" class=\"elementor elementor-1398\">\n\t\t\t\t\t\t<section class=\"elementor-section elementor-top-section elementor-element elementor-element-a97e7b8 elementor-section-stretched elementor-section-boxed elementor-section-height-default elementor-section-height-default\" data-id=\"a97e7b8\" data-element_type=\"section\" data-settings=\"{&quot;stretch_section&quot;:&quot;section-stretched&quot;,&quot;background_background&quot;:&quot;classic&quot;}\">\n\t\t\t\t\t\t\t<div class=\"elementor-background-overlay\"><\/div>\n\t\t\t\t\t\t\t<div class=\"elementor-container elementor-column-gap-wider\">\n\t\t\t\t\t<div class=\"elementor-column elementor-col-100 elementor-top-column elementor-element elementor-element-62c82ef\" data-id=\"62c82ef\" data-element_type=\"column\">\n\t\t\t<div class=\"elementor-widget-wrap elementor-element-populated\">\n\t\t\t\t\t\t<section class=\"elementor-section elementor-inner-section elementor-element elementor-element-f39fed5 elementor-section-boxed elementor-section-height-default elementor-section-height-default\" data-id=\"f39fed5\" data-element_type=\"section\">\n\t\t\t\t\t\t<div class=\"elementor-container elementor-column-gap-default\">\n\t\t\t\t\t<div class=\"elementor-column elementor-col-50 elementor-inner-column elementor-element elementor-element-2b4b4f9\" data-id=\"2b4b4f9\" data-element_type=\"column\">\n\t\t\t<div class=\"elementor-widget-wrap elementor-element-populated\">\n\t\t\t\t\t\t<div class=\"elementor-element elementor-element-a9e5b64 elementor-widget elementor-widget-spacer\" data-id=\"a9e5b64\" data-element_type=\"widget\" data-widget_type=\"spacer.default\">\n\t\t\t\t<div class=\"elementor-widget-container\">\n\t\t\t\t\t\t\t<div class=\"elementor-spacer\">\n\t\t\t<div class=\"elementor-spacer-inner\"><\/div>\n\t\t<\/div>\n\t\t\t\t\t\t<\/div>\n\t\t\t\t<\/div>\n\t\t\t\t<div class=\"elementor-element elementor-element-1fac0f3 elementor-widget elementor-widget-text-editor\" data-id=\"1fac0f3\" data-element_type=\"widget\" data-widget_type=\"text-editor.default\">\n\t\t\t\t<div class=\"elementor-widget-container\">\n\t\t\t\t\t\t\t\t\t<p>\u00a1Contacta con marQ Consultor\u00eda!<\/p>\t\t\t\t\t\t\t\t<\/div>\n\t\t\t\t<\/div>\n\t\t\t\t<div class=\"elementor-element elementor-element-91a90ee elementor-widget elementor-widget-text-editor\" data-id=\"91a90ee\" data-element_type=\"widget\" data-widget_type=\"text-editor.default\">\n\t\t\t\t<div class=\"elementor-widget-container\">\n\t\t\t\t\t\t\t\t\t<i class=\"icon-phone\" style=\"font-size: 22px;\"><\/i> <i class=\"icon-whatsapp\" style=\"font-size: 22px;\"><\/i> +55 (11) 95311-4586 &#8211; Relaci\u00f3n con el cliente\n\n<i class=\"icon-phone\" style=\"font-size: 22px;\"><\/i> <i class=\"icon-whatsapp\" style=\"font-size: 22px;\"><\/i> +55 (11) 99293-9834 &#8211; ADM-Financiero\t\t\t\t\t\t\t\t<\/div>\n\t\t\t\t<\/div>\n\t\t\t\t<div class=\"elementor-element elementor-element-2fca48e elementor-widget elementor-widget-text-editor\" data-id=\"2fca48e\" data-element_type=\"widget\" data-widget_type=\"text-editor.default\">\n\t\t\t\t<div class=\"elementor-widget-container\">\n\t\t\t\t\t\t\t\t\t<p>Soporte al Usuario:<\/p>\t\t\t\t\t\t\t\t<\/div>\n\t\t\t\t<\/div>\n\t\t\t\t<div class=\"elementor-element elementor-element-099225b elementor-widget elementor-widget-text-editor\" data-id=\"099225b\" data-element_type=\"widget\" data-widget_type=\"text-editor.default\">\n\t\t\t\t<div class=\"elementor-widget-container\">\n\t\t\t\t\t\t\t\t\t<i class=\"icon-mail\" style=\"font-size: 22px;\"><\/i> suporte@marqconsult.com\t\t\t\t\t\t\t\t<\/div>\n\t\t\t\t<\/div>\n\t\t\t\t<div class=\"elementor-element elementor-element-4ea2264 e-grid-align-left e-grid-align-mobile-center elementor-shape-rounded elementor-grid-0 elementor-widget elementor-widget-social-icons\" data-id=\"4ea2264\" data-element_type=\"widget\" data-widget_type=\"social-icons.default\">\n\t\t\t\t<div class=\"elementor-widget-container\">\n\t\t\t\t\t\t\t<div class=\"elementor-social-icons-wrapper elementor-grid\" role=\"list\">\n\t\t\t\t\t\t\t<span class=\"elementor-grid-item\" role=\"listitem\">\n\t\t\t\t\t<a class=\"elementor-icon elementor-social-icon elementor-social-icon-linkedin-in elementor-repeater-item-af3bbad\" href=\"https:\/\/www.linkedin.com\/company\/marq-consultoria\" target=\"_blank\">\n\t\t\t\t\t\t<span class=\"elementor-screen-only\">Linkedin-in<\/span>\n\t\t\t\t\t\t<i class=\"fab fa-linkedin-in\"><\/i>\t\t\t\t\t<\/a>\n\t\t\t\t<\/span>\n\t\t\t\t\t\t\t<span class=\"elementor-grid-item\" role=\"listitem\">\n\t\t\t\t\t<a class=\"elementor-icon elementor-social-icon elementor-social-icon-instagram elementor-repeater-item-1447755\" href=\"https:\/\/www.instagram.com\/marq_consultoria\/\" target=\"_blank\">\n\t\t\t\t\t\t<span class=\"elementor-screen-only\">Instagram<\/span>\n\t\t\t\t\t\t<i class=\"fab fa-instagram\"><\/i>\t\t\t\t\t<\/a>\n\t\t\t\t<\/span>\n\t\t\t\t\t\t\t<span class=\"elementor-grid-item\" role=\"listitem\">\n\t\t\t\t\t<a class=\"elementor-icon elementor-social-icon elementor-social-icon-facebook-f elementor-repeater-item-1623142\" href=\"https:\/\/www.facebook.com\/marQconsultoria\/\" target=\"_blank\">\n\t\t\t\t\t\t<span class=\"elementor-screen-only\">Facebook-f<\/span>\n\t\t\t\t\t\t<i class=\"fab fa-facebook-f\"><\/i>\t\t\t\t\t<\/a>\n\t\t\t\t<\/span>\n\t\t\t\t\t<\/div>\n\t\t\t\t\t\t<\/div>\n\t\t\t\t<\/div>\n\t\t\t\t\t<\/div>\n\t\t<\/div>\n\t\t\t\t<div class=\"elementor-column elementor-col-50 elementor-inner-column elementor-element elementor-element-2a7a3bc\" data-id=\"2a7a3bc\" data-element_type=\"column\" data-settings=\"{&quot;background_background&quot;:&quot;classic&quot;}\">\n\t\t\t<div class=\"elementor-widget-wrap elementor-element-populated\">\n\t\t\t\t\t\t<div class=\"elementor-element elementor-element-3bded3c elementor-widget elementor-widget-text-editor\" data-id=\"3bded3c\" data-element_type=\"widget\" data-widget_type=\"text-editor.default\">\n\t\t\t\t<div class=\"elementor-widget-container\">\n\t\t\t\t\t\t\t\t\t\u00bfTienes alguna duda? <strong>\u00a1Habla con marQ!<\/strong>\t\t\t\t\t\t\t\t<\/div>\n\t\t\t\t<\/div>\n\t\t\t\t<div class=\"elementor-element elementor-element-34ae3a2 elementor-widget elementor-widget-text-editor\" data-id=\"34ae3a2\" data-element_type=\"widget\" data-widget_type=\"text-editor.default\">\n\t\t\t\t<div class=\"elementor-widget-container\">\n\t\t\t\t\t\t\t\t\t<p>Rellena el siguiente formulario para recibir informaci\u00f3n, dudas, sugerencias o enviar tu CV.<br \/>\u00a1D\u00e9janos un mensaje, estaremos deseando saber de ti!<\/p>\t\t\t\t\t\t\t\t<\/div>\n\t\t\t\t<\/div>\n\t\t\t\t<div class=\"elementor-element elementor-element-db997bd elementor-widget elementor-widget-shortcode\" data-id=\"db997bd\" data-element_type=\"widget\" data-widget_type=\"shortcode.default\">\n\t\t\t\t<div class=\"elementor-widget-container\">\n\t\t\t\t\t\t\t<div class=\"elementor-shortcode\">\n<div class=\"wpcf7 no-js\" id=\"wpcf7-f1407-o1\" lang=\"en-US\" dir=\"ltr\" data-wpcf7-id=\"1407\">\n<div class=\"screen-reader-response\"><p role=\"status\" aria-live=\"polite\" aria-atomic=\"true\"><\/p> <ul><\/ul><\/div>\n<form action=\"\/es\/wp-json\/wp\/v2\/pages\/1398\/#wpcf7-f1407-o1\" method=\"post\" class=\"wpcf7-form init\" aria-label=\"Contact form\" novalidate=\"novalidate\" data-status=\"init\">\n<fieldset class=\"hidden-fields-container\"><input type=\"hidden\" name=\"_wpcf7\" value=\"1407\" \/><input type=\"hidden\" name=\"_wpcf7_version\" value=\"6.1.5\" \/><input type=\"hidden\" name=\"_wpcf7_locale\" value=\"en_US\" \/><input type=\"hidden\" name=\"_wpcf7_unit_tag\" value=\"wpcf7-f1407-o1\" \/><input type=\"hidden\" name=\"_wpcf7_container_post\" value=\"0\" \/><input type=\"hidden\" name=\"_wpcf7_posted_data_hash\" value=\"\" \/>\n<\/fieldset>\n<div class=\"column one\">\n\t<p><span class=\"wpcf7-form-control-wrap\" data-name=\"your-name\"><input size=\"40\" maxlength=\"400\" class=\"wpcf7-form-control wpcf7-text wpcf7-validates-as-required\" aria-required=\"true\" aria-invalid=\"false\" placeholder=\"Nombre*\" value=\"\" type=\"text\" name=\"your-name\" \/><\/span>\n\t<\/p>\n<\/div>\n<div class=\"column one\">\n\t<p><span class=\"wpcf7-form-control-wrap\" data-name=\"your-email\"><input size=\"40\" maxlength=\"400\" class=\"wpcf7-form-control wpcf7-email wpcf7-validates-as-required wpcf7-text wpcf7-validates-as-email\" aria-required=\"true\" aria-invalid=\"false\" placeholder=\"Correo Electr\u00f3nico*\" value=\"\" type=\"email\" name=\"your-email\" \/><\/span>\n\t<\/p>\n<\/div>\n<div class=\"column one\">\n\t<p><span class=\"wpcf7-form-control-wrap\" data-name=\"your-phone\"><input size=\"40\" maxlength=\"400\" class=\"wpcf7-form-control wpcf7-tel wpcf7-text wpcf7-validates-as-tel\" aria-invalid=\"false\" placeholder=\"Tel\u00e9fono\" value=\"\" type=\"tel\" name=\"your-phone\" \/><\/span>\n\t<\/p>\n<\/div>\n<div class=\"column one\">\n\t<p><span class=\"wpcf7-form-control-wrap\" data-name=\"your-message\"><textarea cols=\"40\" rows=\"6\" maxlength=\"2000\" class=\"wpcf7-form-control wpcf7-textarea\" aria-invalid=\"false\" placeholder=\"Mensaje\" name=\"your-message\"><\/textarea><\/span>\n\t<\/p>\n<\/div>\n<p><span id=\"wpcf7-6a047b318b077-wrapper\" class=\"wpcf7-form-control-wrap honeypot-83-wrap\" style=\"display:none !important; visibility:hidden !important;\"><label for=\"wpcf7-6a047b318b077-field\" class=\"hp-message\">Please leave this field empty.<\/label><input id=\"wpcf7-6a047b318b077-field\"  class=\"wpcf7-form-control wpcf7-text\" type=\"text\" name=\"honeypot-83\" value=\"\" size=\"40\" tabindex=\"-1\" autocomplete=\"new-password\" \/><\/span>\n<\/p>\n<div class=\"column one\">\n\t<p><span class=\"wpcf7-form-control-wrap\" data-name=\"hcap-cf7\">\t\t<input\n\t\t\t\ttype=\"hidden\"\n\t\t\t\tclass=\"hcaptcha-widget-id\"\n\t\t\t\tname=\"hcaptcha-widget-id\"\n\t\t\t\tvalue=\"eyJzb3VyY2UiOlsiY29udGFjdC1mb3JtLTdcL3dwLWNvbnRhY3QtZm9ybS03LnBocCJdLCJmb3JtX2lkIjoxNDA3fQ==-750fe2f3f804f2acf50024c988c2edef\">\n\t\t\t\t<span id=\"hcap_cf7-6a047b318c5443.08278473\" class=\"wpcf7-form-control h-captcha \"\n\t\t\tdata-sitekey=\"5ea7f836-4336-46d5-a5eb-cff5ecc20a00\"\n\t\t\tdata-theme=\"light\"\n\t\t\tdata-size=\"normal\"\n\t\t\tdata-auto=\"false\"\n\t\t\tdata-ajax=\"false\"\n\t\t\tdata-force=\"false\">\n\t\t<\/span>\n\t\t<input type=\"hidden\" id=\"_wpnonce\" name=\"_wpnonce\" value=\"3d146ee7b9\" \/><input type=\"hidden\" name=\"_wp_http_referer\" value=\"\/es\/wp-json\/wp\/v2\/pages\/1398\/\" \/><\/span><input class=\"wpcf7-form-control wpcf7-submit has-spinner\" type=\"submit\" value=\"Enviar\" \/>\n\t<\/p>\n<\/div><p style=\"display: none !important;\" class=\"akismet-fields-container\" data-prefix=\"_wpcf7_ak_\"><label>&#916;<textarea name=\"_wpcf7_ak_hp_textarea\" cols=\"45\" rows=\"8\" maxlength=\"100\"><\/textarea><\/label><input type=\"hidden\" id=\"ak_js_1\" name=\"_wpcf7_ak_js\" value=\"190\"\/><script type=\"text\/javascript\">\n\/* <![CDATA[ *\/\ndocument.getElementById( \"ak_js_1\" ).setAttribute( \"value\", ( new Date() ).getTime() );\n\/* ]]> *\/\n<\/script>\n<\/p><div class=\"wpcf7-response-output\" aria-hidden=\"true\"><\/div>\n<\/form>\n<\/div>\n<\/div>\n\t\t\t\t\t\t<\/div>\n\t\t\t\t<\/div>\n\t\t\t\t\t<\/div>\n\t\t<\/div>\n\t\t\t\t\t<\/div>\n\t\t<\/section>\n\t\t\t\t\t<\/div>\n\t\t<\/div>\n\t\t\t\t\t<\/div>\n\t\t<\/section>\n\t\t\t\t<section class=\"elementor-section elementor-top-section elementor-element elementor-element-0a053bf elementor-section-stretched elementor-section-boxed elementor-section-height-default elementor-section-height-default\" data-id=\"0a053bf\" data-element_type=\"section\" data-settings=\"{&quot;stretch_section&quot;:&quot;section-stretched&quot;,&quot;background_background&quot;:&quot;classic&quot;}\">\n\t\t\t\t\t\t<div class=\"elementor-container elementor-column-gap-wider\">\n\t\t\t\t\t<div class=\"elementor-column elementor-col-100 elementor-top-column elementor-element elementor-element-2ac9a20\" data-id=\"2ac9a20\" data-element_type=\"column\">\n\t\t\t<div class=\"elementor-widget-wrap elementor-element-populated\">\n\t\t\t\t\t\t<section class=\"elementor-section elementor-inner-section elementor-element elementor-element-18e1a98 elementor-section-boxed elementor-section-height-default elementor-section-height-default\" data-id=\"18e1a98\" data-element_type=\"section\">\n\t\t\t\t\t\t<div class=\"elementor-container elementor-column-gap-default\">\n\t\t\t\t\t<div class=\"elementor-column elementor-col-100 elementor-inner-column elementor-element elementor-element-036cfc3\" data-id=\"036cfc3\" data-element_type=\"column\">\n\t\t\t<div class=\"elementor-widget-wrap elementor-element-populated\">\n\t\t\t\t\t\t<div class=\"elementor-element elementor-element-2a51e2f elementor-widget elementor-widget-text-editor\" data-id=\"2a51e2f\" data-element_type=\"widget\" data-widget_type=\"text-editor.default\">\n\t\t\t\t<div class=\"elementor-widget-container\">\n\t\t\t\t\t\t\t\t\t<p>Direcciones<\/p>\t\t\t\t\t\t\t\t<\/div>\n\t\t\t\t<\/div>\n\t\t\t\t<div class=\"elementor-element elementor-element-42a3a48 elementor-widget elementor-widget-image\" data-id=\"42a3a48\" data-element_type=\"widget\" data-widget_type=\"image.default\">\n\t\t\t\t<div class=\"elementor-widget-container\">\n\t\t\t\t\t\t\t\t\t\t\t\t\t\t\t<img decoding=\"async\" width=\"26\" height=\"8\" src=\"https:\/\/marqconsult.com\/wp-content\/uploads\/2022\/02\/divisor.png\" class=\"attachment-large size-large wp-image-763\" alt=\"\" \/>\t\t\t\t\t\t\t\t\t\t\t\t\t\t\t<\/div>\n\t\t\t\t<\/div>\n\t\t\t\t\t<\/div>\n\t\t<\/div>\n\t\t\t\t\t<\/div>\n\t\t<\/section>\n\t\t\t\t<section class=\"elementor-section elementor-inner-section elementor-element elementor-element-525ad03 elementor-section-boxed elementor-section-height-default elementor-section-height-default\" data-id=\"525ad03\" data-element_type=\"section\">\n\t\t\t\t\t\t<div class=\"elementor-container elementor-column-gap-wide\">\n\t\t\t\t\t<div class=\"elementor-column elementor-col-33 elementor-inner-column elementor-element elementor-element-86b56d8\" data-id=\"86b56d8\" data-element_type=\"column\">\n\t\t\t<div class=\"elementor-widget-wrap\">\n\t\t\t\t\t\t\t<\/div>\n\t\t<\/div>\n\t\t\t\t<div class=\"elementor-column elementor-col-33 elementor-inner-column elementor-element elementor-element-3d136bc\" data-id=\"3d136bc\" data-element_type=\"column\">\n\t\t\t<div class=\"elementor-widget-wrap elementor-element-populated\">\n\t\t\t\t\t\t<div class=\"elementor-element elementor-element-6bb9e9b elementor-widget elementor-widget-text-editor\" data-id=\"6bb9e9b\" data-element_type=\"widget\" data-widget_type=\"text-editor.default\">\n\t\t\t\t<div class=\"elementor-widget-container\">\n\t\t\t\t\t\t\t\t\t<p><strong>Rom\u00e1n D\u00edaz 117<\/strong> <br \/>Providencia, Santiago &#8211; Chile<\/p>\t\t\t\t\t\t\t\t<\/div>\n\t\t\t\t<\/div>\n\t\t\t\t<div class=\"elementor-element elementor-element-4d9543a elementor-widget elementor-widget-google_maps\" data-id=\"4d9543a\" data-element_type=\"widget\" data-widget_type=\"google_maps.default\">\n\t\t\t\t<div class=\"elementor-widget-container\">\n\t\t\t\t\t\t\t<div class=\"elementor-custom-embed\">\n\t\t\t<iframe loading=\"lazy\"\n\t\t\t\t\tsrc=\"https:\/\/maps.google.com\/maps?q=Rom%C3%A1n%20D%C3%ADaz%20117%20Providencia%2C%20Santiago%20-%20Chile&#038;t=m&#038;z=10&#038;output=embed&#038;iwloc=near\"\n\t\t\t\t\ttitle=\"Rom\u00e1n D\u00edaz 117 Providencia, Santiago - Chile\"\n\t\t\t\t\taria-label=\"Rom\u00e1n D\u00edaz 117 Providencia, Santiago - Chile\"\n\t\t\t><\/iframe>\n\t\t<\/div>\n\t\t\t\t\t\t<\/div>\n\t\t\t\t<\/div>\n\t\t\t\t\t<\/div>\n\t\t<\/div>\n\t\t\t\t<div class=\"elementor-column elementor-col-33 elementor-inner-column elementor-element elementor-element-1a31bfe\" data-id=\"1a31bfe\" data-element_type=\"column\">\n\t\t\t<div class=\"elementor-widget-wrap\">\n\t\t\t\t\t\t\t<\/div>\n\t\t<\/div>\n\t\t\t\t\t<\/div>\n\t\t<\/section>\n\t\t\t\t\t<\/div>\n\t\t<\/div>\n\t\t\t\t\t<\/div>\n\t\t<\/section>\n\t\t\t\t<\/div>\n\t\t","protected":false},"excerpt":{"rendered":"<p>\u00a1Contacta con marQ Consultor\u00eda! +55 (11) 95311-4586 &#8211; Relaci\u00f3n con el cliente +55 (11) 99293-9834 &#8211; ADM-Financiero Soporte al Usuario: suporte@marqconsult.com Linkedin-in Instagram Facebook-f \u00bfTienes alguna<span class=\"excerpt-hellip\"> [\u2026]<\/span><\/p>\n","protected":false},"author":1,"featured_media":0,"parent":0,"menu_order":0,"comment_status":"closed","ping_status":"closed","template":"","meta":{"footnotes":""},"class_list":["post-1398","page","type-page","status-publish","hentry"],"yoast_head":"<!-- This site is optimized with the Yoast SEO plugin v25.7 - https:\/\/yoast.com\/wordpress\/plugins\/seo\/ -->\n<title>Contacto - marQ Consult<\/title>\n<meta name=\"robots\" content=\"index, follow, max-snippet:-1, max-image-preview:large, max-video-preview:-1\" \/>\n<link rel=\"canonical\" href=\"https:\/\/marqconsult.com\/es\/contato\/\" \/>\n<meta property=\"og:locale\" content=\"es_ES\" \/>\n<meta property=\"og:type\" content=\"article\" \/>\n<meta property=\"og:title\" content=\"Contacto - marQ Consult\" \/>\n<meta property=\"og:description\" content=\"\u00a1Contacta con marQ Consultor\u00eda! +55 (11) 95311-4586 &#8211; Relaci\u00f3n con el cliente +55 (11) 99293-9834 &#8211; ADM-Financiero Soporte al Usuario: suporte@marqconsult.com Linkedin-in Instagram Facebook-f \u00bfTienes alguna [\u2026]\" \/>\n<meta property=\"og:url\" content=\"https:\/\/marqconsult.com\/contato\/\" \/>\n<meta property=\"og:site_name\" content=\"marQ Consult\" \/>\n<meta property=\"article:modified_time\" content=\"2023-06-28T17:45:42+00:00\" \/>\n<meta property=\"og:image\" content=\"http:\/\/marqconsult.com\/wp-content\/uploads\/2022\/02\/divisor.png\" \/>\n<meta name=\"twitter:card\" content=\"summary_large_image\" \/>\n<script type=\"application\/ld+json\" class=\"yoast-schema-graph\">{\"@context\":\"https:\/\/schema.org\",\"@graph\":[{\"@type\":\"WebPage\",\"@id\":\"https:\/\/marqconsult.com\/contato\/\",\"url\":\"https:\/\/marqconsult.com\/contato\/\",\"name\":\"Contacto - marQ Consult\",\"isPartOf\":{\"@id\":\"https:\/\/marqconsult.com\/#website\"},\"primaryImageOfPage\":{\"@id\":\"https:\/\/marqconsult.com\/contato\/#primaryimage\"},\"image\":{\"@id\":\"https:\/\/marqconsult.com\/contato\/#primaryimage\"},\"thumbnailUrl\":\"http:\/\/marqconsult.com\/wp-content\/uploads\/2022\/02\/divisor.png\",\"datePublished\":\"2022-04-01T20:00:47+00:00\",\"dateModified\":\"2023-06-28T17:45:42+00:00\",\"breadcrumb\":{\"@id\":\"https:\/\/marqconsult.com\/contato\/#breadcrumb\"},\"inLanguage\":\"es\",\"potentialAction\":[{\"@type\":\"ReadAction\",\"target\":[\"https:\/\/marqconsult.com\/contato\/\"]}]},{\"@type\":\"ImageObject\",\"inLanguage\":\"es\",\"@id\":\"https:\/\/marqconsult.com\/contato\/#primaryimage\",\"url\":\"http:\/\/marqconsult.com\/wp-content\/uploads\/2022\/02\/divisor.png\",\"contentUrl\":\"http:\/\/marqconsult.com\/wp-content\/uploads\/2022\/02\/divisor.png\"},{\"@type\":\"BreadcrumbList\",\"@id\":\"https:\/\/marqconsult.com\/contato\/#breadcrumb\",\"itemListElement\":[{\"@type\":\"ListItem\",\"position\":1,\"name\":\"In\u00edcio\",\"item\":\"https:\/\/marqconsult.com\/es\/\"},{\"@type\":\"ListItem\",\"position\":2,\"name\":\"Contacto\"}]},{\"@type\":\"WebSite\",\"@id\":\"https:\/\/marqconsult.com\/#website\",\"url\":\"https:\/\/marqconsult.com\/\",\"name\":\"marQ Consult\",\"description\":\"Transforma\u00e7\u00e3o pela Confian\u00e7a - Gest\u00e3o Empresarial\",\"potentialAction\":[{\"@type\":\"SearchAction\",\"target\":{\"@type\":\"EntryPoint\",\"urlTemplate\":\"https:\/\/marqconsult.com\/?s={search_term_string}\"},\"query-input\":{\"@type\":\"PropertyValueSpecification\",\"valueRequired\":true,\"valueName\":\"search_term_string\"}}],\"inLanguage\":\"es\"}]}<\/script>\n<!-- \/ Yoast SEO plugin. -->","yoast_head_json":{"title":"Contacto - marQ Consult","robots":{"index":"index","follow":"follow","max-snippet":"max-snippet:-1","max-image-preview":"max-image-preview:large","max-video-preview":"max-video-preview:-1"},"canonical":"https:\/\/marqconsult.com\/es\/contato\/","og_locale":"es_ES","og_type":"article","og_title":"Contacto - marQ Consult","og_description":"\u00a1Contacta con marQ Consultor\u00eda! +55 (11) 95311-4586 &#8211; Relaci\u00f3n con el cliente +55 (11) 99293-9834 &#8211; ADM-Financiero Soporte al Usuario: suporte@marqconsult.com Linkedin-in Instagram Facebook-f \u00bfTienes alguna [\u2026]","og_url":"https:\/\/marqconsult.com\/contato\/","og_site_name":"marQ Consult","article_modified_time":"2023-06-28T17:45:42+00:00","og_image":[{"url":"http:\/\/marqconsult.com\/wp-content\/uploads\/2022\/02\/divisor.png","type":"","width":"","height":""}],"twitter_card":"summary_large_image","schema":{"@context":"https:\/\/schema.org","@graph":[{"@type":"WebPage","@id":"https:\/\/marqconsult.com\/contato\/","url":"https:\/\/marqconsult.com\/contato\/","name":"Contacto - marQ Consult","isPartOf":{"@id":"https:\/\/marqconsult.com\/#website"},"primaryImageOfPage":{"@id":"https:\/\/marqconsult.com\/contato\/#primaryimage"},"image":{"@id":"https:\/\/marqconsult.com\/contato\/#primaryimage"},"thumbnailUrl":"http:\/\/marqconsult.com\/wp-content\/uploads\/2022\/02\/divisor.png","datePublished":"2022-04-01T20:00:47+00:00","dateModified":"2023-06-28T17:45:42+00:00","breadcrumb":{"@id":"https:\/\/marqconsult.com\/contato\/#breadcrumb"},"inLanguage":"es","potentialAction":[{"@type":"ReadAction","target":["https:\/\/marqconsult.com\/contato\/"]}]},{"@type":"ImageObject","inLanguage":"es","@id":"https:\/\/marqconsult.com\/contato\/#primaryimage","url":"http:\/\/marqconsult.com\/wp-content\/uploads\/2022\/02\/divisor.png","contentUrl":"http:\/\/marqconsult.com\/wp-content\/uploads\/2022\/02\/divisor.png"},{"@type":"BreadcrumbList","@id":"https:\/\/marqconsult.com\/contato\/#breadcrumb","itemListElement":[{"@type":"ListItem","position":1,"name":"In\u00edcio","item":"https:\/\/marqconsult.com\/es\/"},{"@type":"ListItem","position":2,"name":"Contacto"}]},{"@type":"WebSite","@id":"https:\/\/marqconsult.com\/#website","url":"https:\/\/marqconsult.com\/","name":"marQ Consult","description":"Transforma\u00e7\u00e3o pela Confian\u00e7a - Gest\u00e3o Empresarial","potentialAction":[{"@type":"SearchAction","target":{"@type":"EntryPoint","urlTemplate":"https:\/\/marqconsult.com\/?s={search_term_string}"},"query-input":{"@type":"PropertyValueSpecification","valueRequired":true,"valueName":"search_term_string"}}],"inLanguage":"es"}]}},"_links":{"self":[{"href":"https:\/\/marqconsult.com\/es\/wp-json\/wp\/v2\/pages\/1398\/"}],"collection":[{"href":"https:\/\/marqconsult.com\/es\/wp-json\/wp\/v2\/pages\/"}],"about":[{"href":"https:\/\/marqconsult.com\/es\/wp-json\/wp\/v2\/types\/page\/"}],"author":[{"embeddable":true,"href":"https:\/\/marqconsult.com\/es\/wp-json\/wp\/v2\/users\/1\/"}],"replies":[{"embeddable":true,"href":"https:\/\/marqconsult.com\/es\/wp-json\/wp\/v2\/comments\/?post=1398"}],"version-history":[{"count":48,"href":"https:\/\/marqconsult.com\/es\/wp-json\/wp\/v2\/pages\/1398\/revisions\/"}],"predecessor-version":[{"id":2905,"href":"https:\/\/marqconsult.com\/es\/wp-json\/wp\/v2\/pages\/1398\/revisions\/2905\/"}],"wp:attachment":[{"href":"https:\/\/marqconsult.com\/es\/wp-json\/wp\/v2\/media\/?parent=1398"}],"curies":[{"name":"wp","href":"https:\/\/api.w.org\/{rel}","templated":true}]}}