{"id":1442,"date":"2022-04-04T15:22:16","date_gmt":"2022-04-04T18:22:16","guid":{"rendered":"https:\/\/mqteste1.azurewebsites.net\/wp\/?page_id=1442"},"modified":"2022-09-01T11:37:13","modified_gmt":"2022-09-01T14:37:13","slug":"gestion-empresarial","status":"publish","type":"page","link":"https:\/\/marqconsult.com\/es\/servicios\/gestion-empresarial\/","title":{"rendered":"Gesti\u00f3n Empresarial"},"content":{"rendered":"\t\t<div data-elementor-type=\"wp-page\" data-elementor-id=\"1442\" class=\"elementor elementor-1442\">\n\t\t\t\t\t\t<section class=\"elementor-section elementor-top-section elementor-element elementor-element-83a4cb3 elementor-section-stretched elementor-section-full_width elementor-section-height-default elementor-section-height-default\" data-id=\"83a4cb3\" data-element_type=\"section\" data-settings=\"{&quot;stretch_section&quot;:&quot;section-stretched&quot;,&quot;background_background&quot;:&quot;classic&quot;}\">\n\t\t\t\t\t\t\t<div class=\"elementor-background-overlay\"><\/div>\n\t\t\t\t\t\t\t<div class=\"elementor-container elementor-column-gap-wider\">\n\t\t\t\t\t<div class=\"elementor-column elementor-col-100 elementor-top-column elementor-element elementor-element-0a10154\" data-id=\"0a10154\" data-element_type=\"column\">\n\t\t\t<div class=\"elementor-widget-wrap elementor-element-populated\">\n\t\t\t\t\t\t<section class=\"elementor-section elementor-inner-section elementor-element elementor-element-e372129 elementor-section-boxed elementor-section-height-default elementor-section-height-default\" data-id=\"e372129\" data-element_type=\"section\">\n\t\t\t\t\t\t<div class=\"elementor-container elementor-column-gap-default\">\n\t\t\t\t\t<div class=\"elementor-column elementor-col-100 elementor-inner-column elementor-element elementor-element-7ca8cd8\" data-id=\"7ca8cd8\" data-element_type=\"column\">\n\t\t\t<div class=\"elementor-widget-wrap elementor-element-populated\">\n\t\t\t\t\t\t<div class=\"elementor-element elementor-element-49014e4 elementor-widget elementor-widget-text-editor\" data-id=\"49014e4\" data-element_type=\"widget\" data-widget_type=\"text-editor.default\">\n\t\t\t\t<div class=\"elementor-widget-container\">\n\t\t\t\t\t\t\t\t\tConsultor\u00eda de certificaci\u00f3n de sistemas de gesti\u00f3n \t\t\t\t\t\t\t\t<\/div>\n\t\t\t\t<\/div>\n\t\t\t\t<div class=\"elementor-element elementor-element-94d3053 elementor-widget elementor-widget-image\" data-id=\"94d3053\" data-element_type=\"widget\" data-widget_type=\"image.default\">\n\t\t\t\t<div class=\"elementor-widget-container\">\n\t\t\t\t\t\t\t\t\t\t\t\t\t\t\t<img decoding=\"async\" width=\"26\" height=\"8\" src=\"https:\/\/marqconsult.com\/wp-content\/uploads\/2022\/02\/divisor.png\" class=\"attachment-large size-large wp-image-763\" alt=\"\" \/>\t\t\t\t\t\t\t\t\t\t\t\t\t\t\t<\/div>\n\t\t\t\t<\/div>\n\t\t\t\t\t<\/div>\n\t\t<\/div>\n\t\t\t\t\t<\/div>\n\t\t<\/section>\n\t\t\t\t\t<\/div>\n\t\t<\/div>\n\t\t\t\t\t<\/div>\n\t\t<\/section>\n\t\t\t\t<section class=\"elementor-section elementor-top-section elementor-element elementor-element-d05d597 elementor-section-stretched elementor-section-boxed elementor-section-height-default elementor-section-height-default\" data-id=\"d05d597\" data-element_type=\"section\" data-settings=\"{&quot;stretch_section&quot;:&quot;section-stretched&quot;,&quot;background_background&quot;:&quot;classic&quot;}\">\n\t\t\t\t\t\t<div class=\"elementor-container elementor-column-gap-wider\">\n\t\t\t\t\t<div class=\"elementor-column elementor-col-100 elementor-top-column elementor-element elementor-element-76ddf03\" data-id=\"76ddf03\" data-element_type=\"column\">\n\t\t\t<div class=\"elementor-widget-wrap elementor-element-populated\">\n\t\t\t\t\t\t<section class=\"elementor-section elementor-inner-section elementor-element elementor-element-02317eb elementor-section-boxed elementor-section-height-default elementor-section-height-default\" data-id=\"02317eb\" data-element_type=\"section\">\n\t\t\t\t\t\t<div class=\"elementor-container elementor-column-gap-wide\">\n\t\t\t\t\t<div class=\"elementor-column elementor-col-50 elementor-inner-column elementor-element elementor-element-e64230e\" data-id=\"e64230e\" data-element_type=\"column\">\n\t\t\t<div class=\"elementor-widget-wrap elementor-element-populated\">\n\t\t\t\t\t\t<div class=\"elementor-element elementor-element-35506ab elementor-widget elementor-widget-image\" data-id=\"35506ab\" data-element_type=\"widget\" data-widget_type=\"image.default\">\n\t\t\t\t<div class=\"elementor-widget-container\">\n\t\t\t\t\t\t\t\t\t\t\t\t\t\t\t<img fetchpriority=\"high\" decoding=\"async\" width=\"1000\" height=\"667\" src=\"https:\/\/marqconsult.com\/wp-content\/uploads\/2022\/02\/capa-consultoriapara-certificacao.jpg\" class=\"attachment-large size-large wp-image-1049\" alt=\"\" srcset=\"https:\/\/marqconsult.com\/wp-content\/uploads\/2022\/02\/capa-consultoriapara-certificacao.jpg 1000w, https:\/\/marqconsult.com\/wp-content\/uploads\/2022\/02\/capa-consultoriapara-certificacao-300x200.jpg 300w, https:\/\/marqconsult.com\/wp-content\/uploads\/2022\/02\/capa-consultoriapara-certificacao-768x512.jpg 768w, https:\/\/marqconsult.com\/wp-content\/uploads\/2022\/02\/capa-consultoriapara-certificacao-219x146.jpg 219w, https:\/\/marqconsult.com\/wp-content\/uploads\/2022\/02\/capa-consultoriapara-certificacao-50x33.jpg 50w, https:\/\/marqconsult.com\/wp-content\/uploads\/2022\/02\/capa-consultoriapara-certificacao-112x75.jpg 112w\" sizes=\"(max-width: 1000px) 100vw, 1000px\" \/>\t\t\t\t\t\t\t\t\t\t\t\t\t\t\t<\/div>\n\t\t\t\t<\/div>\n\t\t\t\t\t<\/div>\n\t\t<\/div>\n\t\t\t\t<div class=\"elementor-column elementor-col-50 elementor-inner-column elementor-element elementor-element-b1e82fc\" data-id=\"b1e82fc\" data-element_type=\"column\">\n\t\t\t<div class=\"elementor-widget-wrap elementor-element-populated\">\n\t\t\t\t\t\t<div class=\"elementor-element elementor-element-ddacf9b elementor-widget elementor-widget-text-editor\" data-id=\"ddacf9b\" data-element_type=\"widget\" data-widget_type=\"text-editor.default\">\n\t\t\t\t<div class=\"elementor-widget-container\">\n\t\t\t\t\t\t\t\t\t<p>Las empresas buscan la estandarizaci\u00f3n en la prestaci\u00f3n de servicios y productos.<\/p><p>El objetivo de implementar un sistema de gesti\u00f3n es asegurar los resultados deseados por la organizaci\u00f3n en calidad, medio ambiente, salud y seguridad, cadena de custodia, definiendo pol\u00edticas, objetivos, procedimientos y procesos de gesti\u00f3n en base a reglas definidas y aplicables.<\/p><p>A trav\u00e9s de una metodolog\u00eda propia, personalizamos un sistema que responde a las necesidades espec\u00edficas del cliente, para adaptarse a los est\u00e1ndares aplicables con un enfoque en la empresa y los requisitos esperados. Garantizamos la obtenci\u00f3n de certificaciones, dentro de los plazos contratados.<\/p>\t\t\t\t\t\t\t\t<\/div>\n\t\t\t\t<\/div>\n\t\t\t\t\t<\/div>\n\t\t<\/div>\n\t\t\t\t\t<\/div>\n\t\t<\/section>\n\t\t\t\t<section class=\"elementor-section elementor-inner-section elementor-element elementor-element-2594312 elementor-section-boxed elementor-section-height-default elementor-section-height-default\" data-id=\"2594312\" data-element_type=\"section\" data-settings=\"{&quot;background_background&quot;:&quot;classic&quot;}\">\n\t\t\t\t\t\t<div class=\"elementor-container elementor-column-gap-default\">\n\t\t\t\t\t<div class=\"elementor-column elementor-col-50 elementor-inner-column elementor-element elementor-element-99a4f53\" data-id=\"99a4f53\" data-element_type=\"column\">\n\t\t\t<div class=\"elementor-widget-wrap elementor-element-populated\">\n\t\t\t\t\t\t<div class=\"elementor-element elementor-element-30494e8 elementor-widget elementor-widget-text-editor\" data-id=\"30494e8\" data-element_type=\"widget\" data-widget_type=\"text-editor.default\">\n\t\t\t\t<div class=\"elementor-widget-container\">\n\t\t\t\t\t\t\t\t\t<p><strong>Calidad \u00a0<\/strong><br \/>\u2022 ISO 9001 &#8211; Calidad<br \/>\u2022 PBQP-H &#8211; Calidad en Construcci\u00f3n Civil<br \/>\u2022 ISO 20000 &#8211; Calidad del servicio de TI <\/p>\t\t\t\t\t\t\t\t<\/div>\n\t\t\t\t<\/div>\n\t\t\t\t\t<\/div>\n\t\t<\/div>\n\t\t\t\t<div class=\"elementor-column elementor-col-50 elementor-inner-column elementor-element elementor-element-270f9a6\" data-id=\"270f9a6\" data-element_type=\"column\">\n\t\t\t<div class=\"elementor-widget-wrap elementor-element-populated\">\n\t\t\t\t\t\t<div class=\"elementor-element elementor-element-0a53e67 elementor-widget elementor-widget-text-editor\" data-id=\"0a53e67\" data-element_type=\"widget\" data-widget_type=\"text-editor.default\">\n\t\t\t\t<div class=\"elementor-widget-container\">\n\t\t\t\t\t\t\t\t\t<p><strong>Salud y seguridad ambiental<\/strong> <br \/>\u2022 ISO 14001 &#8211; Ambiental <br \/>\u2022 OHSAS 18001 &#8211; Salud y seguridad <br \/>\u2022 SA 8000 e NBR 16001 &#8211; Responsabilidad social en el lugar de trabajo <br \/>\u2022 NBR ISO 26000 &#8211; Responsabilidad social en el lugar de trabajo <br \/>\u2022 ISO 22000 &#8211; Seguridad alimenticia <br \/>\u2022 ISO 27001 &#8211; Seguridad de la Informaci\u00f3n <br \/>\u2022 NBR 14790 &#8211; Cadena de custodia CERFLOR <br \/>\u2022 FSC &#8211; Cadena de custodia <\/p>\t\t\t\t\t\t\t\t<\/div>\n\t\t\t\t<\/div>\n\t\t\t\t\t<\/div>\n\t\t<\/div>\n\t\t\t\t\t<\/div>\n\t\t<\/section>\n\t\t\t\t\t<\/div>\n\t\t<\/div>\n\t\t\t\t\t<\/div>\n\t\t<\/section>\n\t\t\t\t<section class=\"elementor-section elementor-top-section elementor-element elementor-element-ac4d325 elementor-section-stretched elementor-section-boxed elementor-section-height-default elementor-section-height-default\" data-id=\"ac4d325\" data-element_type=\"section\" data-settings=\"{&quot;stretch_section&quot;:&quot;section-stretched&quot;,&quot;background_background&quot;:&quot;classic&quot;}\">\n\t\t\t\t\t\t<div class=\"elementor-container elementor-column-gap-wider\">\n\t\t\t\t\t<div class=\"elementor-column elementor-col-100 elementor-top-column elementor-element elementor-element-a10318f\" data-id=\"a10318f\" data-element_type=\"column\">\n\t\t\t<div class=\"elementor-widget-wrap elementor-element-populated\">\n\t\t\t\t\t\t<section class=\"elementor-section elementor-inner-section elementor-element elementor-element-805b83b elementor-section-boxed elementor-section-height-default elementor-section-height-default\" data-id=\"805b83b\" data-element_type=\"section\">\n\t\t\t\t\t\t<div class=\"elementor-container elementor-column-gap-default\">\n\t\t\t\t\t<div class=\"elementor-column elementor-col-100 elementor-inner-column elementor-element elementor-element-5c215f1\" data-id=\"5c215f1\" data-element_type=\"column\">\n\t\t\t<div class=\"elementor-widget-wrap elementor-element-populated\">\n\t\t\t\t\t\t<div class=\"elementor-element elementor-element-ca35319 elementor-widget elementor-widget-text-editor\" data-id=\"ca35319\" data-element_type=\"widget\" data-widget_type=\"text-editor.default\">\n\t\t\t\t<div class=\"elementor-widget-container\">\n\t\t\t\t\t\t\t\t\t<p>Sistema Integrado<\/p>\t\t\t\t\t\t\t\t<\/div>\n\t\t\t\t<\/div>\n\t\t\t\t<div class=\"elementor-element elementor-element-d70db12 elementor-widget elementor-widget-image\" data-id=\"d70db12\" data-element_type=\"widget\" data-widget_type=\"image.default\">\n\t\t\t\t<div class=\"elementor-widget-container\">\n\t\t\t\t\t\t\t\t\t\t\t\t\t\t\t<img decoding=\"async\" width=\"26\" height=\"8\" src=\"https:\/\/marqconsult.com\/wp-content\/uploads\/2022\/02\/divisor.png\" class=\"attachment-large size-large wp-image-763\" alt=\"\" \/>\t\t\t\t\t\t\t\t\t\t\t\t\t\t\t<\/div>\n\t\t\t\t<\/div>\n\t\t\t\t\t<\/div>\n\t\t<\/div>\n\t\t\t\t\t<\/div>\n\t\t<\/section>\n\t\t\t\t<section class=\"elementor-section elementor-inner-section elementor-element elementor-element-ea07366 elementor-section-boxed elementor-section-height-default elementor-section-height-default\" data-id=\"ea07366\" data-element_type=\"section\">\n\t\t\t\t\t\t<div class=\"elementor-container elementor-column-gap-wide\">\n\t\t\t\t\t<div class=\"elementor-column elementor-col-50 elementor-inner-column elementor-element elementor-element-1203447\" data-id=\"1203447\" data-element_type=\"column\">\n\t\t\t<div class=\"elementor-widget-wrap elementor-element-populated\">\n\t\t\t\t\t\t<div class=\"elementor-element elementor-element-553a7dd elementor-widget elementor-widget-text-editor\" data-id=\"553a7dd\" data-element_type=\"widget\" data-widget_type=\"text-editor.default\">\n\t\t\t\t<div class=\"elementor-widget-container\">\n\t\t\t\t\t\t\t\t\t<p>En general, las empresas eligen un est\u00e1ndar para su primera certificaci\u00f3n, en funci\u00f3n de sus necesidades para mejorar la calidad, la gesti\u00f3n medioambiental o la seguridad y salud en el trabajo. Despu\u00e9s de un tiempo, deciden seguir preparando su sistema para otras certificaciones.<br \/><br \/>En este trabajo, es com\u00fan que las empresas no tomen en cuenta la integraci\u00f3n de sistemas al preparar la documentaci\u00f3n para cumplir con cada marco regulatorio certificado.<br \/><br \/>Actividades como control de documentos y registros, auditor\u00eda interna, acci\u00f3n correctiva y preventiva, an\u00e1lisis cr\u00edtico por parte de la gerencia, entre otras, se pueden realizar siguiendo las mismas rutinas. Peque\u00f1os ajustes a la documentaci\u00f3n son suficientes para que se cumplan los requisitos comunes a los est\u00e1ndares.<\/p>\t\t\t\t\t\t\t\t<\/div>\n\t\t\t\t<\/div>\n\t\t\t\t\t<\/div>\n\t\t<\/div>\n\t\t\t\t<div class=\"elementor-column elementor-col-50 elementor-inner-column elementor-element elementor-element-fccac87\" data-id=\"fccac87\" data-element_type=\"column\">\n\t\t\t<div class=\"elementor-widget-wrap elementor-element-populated\">\n\t\t\t\t\t\t<div class=\"elementor-element elementor-element-c2c3ed3 elementor-widget elementor-widget-image\" data-id=\"c2c3ed3\" data-element_type=\"widget\" data-widget_type=\"image.default\">\n\t\t\t\t<div class=\"elementor-widget-container\">\n\t\t\t\t\t\t\t\t\t\t\t\t\t\t\t<img decoding=\"async\" width=\"1000\" height=\"667\" src=\"https:\/\/marqconsult.com\/wp-content\/uploads\/2022\/02\/capa-sistema-integrado.jpg\" class=\"attachment-large size-large wp-image-1050\" alt=\"\" srcset=\"https:\/\/marqconsult.com\/wp-content\/uploads\/2022\/02\/capa-sistema-integrado.jpg 1000w, https:\/\/marqconsult.com\/wp-content\/uploads\/2022\/02\/capa-sistema-integrado-300x200.jpg 300w, https:\/\/marqconsult.com\/wp-content\/uploads\/2022\/02\/capa-sistema-integrado-768x512.jpg 768w, https:\/\/marqconsult.com\/wp-content\/uploads\/2022\/02\/capa-sistema-integrado-219x146.jpg 219w, https:\/\/marqconsult.com\/wp-content\/uploads\/2022\/02\/capa-sistema-integrado-50x33.jpg 50w, https:\/\/marqconsult.com\/wp-content\/uploads\/2022\/02\/capa-sistema-integrado-112x75.jpg 112w\" sizes=\"(max-width: 1000px) 100vw, 1000px\" \/>\t\t\t\t\t\t\t\t\t\t\t\t\t\t\t<\/div>\n\t\t\t\t<\/div>\n\t\t\t\t\t<\/div>\n\t\t<\/div>\n\t\t\t\t\t<\/div>\n\t\t<\/section>\n\t\t\t\t<div class=\"elementor-element elementor-element-a13fdb8 elementor-widget elementor-widget-text-editor\" data-id=\"a13fdb8\" data-element_type=\"widget\" data-widget_type=\"text-editor.default\">\n\t\t\t\t<div class=\"elementor-widget-container\">\n\t\t\t\t\t\t\t\t\t<p>Para que las empresas tengan un sistema de gesti\u00f3n integrado, marQ ofrece una metodolog\u00eda ampliamente probada, que produce excelentes resultados adem\u00e1s de tiempos y costos de implementaci\u00f3n reducidos.<br \/><br \/>El sistema de gesti\u00f3n integrado, correctamente implementado y debidamente mantenido, reduce costos con auditor\u00edas externas, burocracia, tiempo invertido por los profesionales involucrados en los procesos y aumenta la competitividad en un mercado cada vez m\u00e1s agresivo.<\/p>\t\t\t\t\t\t\t\t<\/div>\n\t\t\t\t<\/div>\n\t\t\t\t\t<\/div>\n\t\t<\/div>\n\t\t\t\t\t<\/div>\n\t\t<\/section>\n\t\t\t\t<\/div>\n\t\t","protected":false},"excerpt":{"rendered":"<p>Consultor\u00eda de certificaci\u00f3n de sistemas de gesti\u00f3n Las empresas buscan la estandarizaci\u00f3n en la prestaci\u00f3n de servicios y productos. El objetivo de implementar un sistema de<span class=\"excerpt-hellip\"> [\u2026]<\/span><\/p>\n","protected":false},"author":1,"featured_media":0,"parent":1411,"menu_order":0,"comment_status":"closed","ping_status":"closed","template":"","meta":{"footnotes":""},"class_list":["post-1442","page","type-page","status-publish","hentry"],"yoast_head":"<!-- This site is optimized with the Yoast SEO plugin v25.7 - https:\/\/yoast.com\/wordpress\/plugins\/seo\/ -->\n<title>Gesti\u00f3n Empresarial - marQ Consult<\/title>\n<meta name=\"robots\" content=\"index, follow, max-snippet:-1, max-image-preview:large, max-video-preview:-1\" \/>\n<link rel=\"canonical\" href=\"https:\/\/marqconsult.com\/es\/servicos\/gestao-empresarial\/\" \/>\n<meta property=\"og:locale\" content=\"es_ES\" \/>\n<meta property=\"og:type\" content=\"article\" \/>\n<meta property=\"og:title\" content=\"Gesti\u00f3n Empresarial - marQ Consult\" \/>\n<meta property=\"og:description\" content=\"Consultor\u00eda de certificaci\u00f3n de sistemas de gesti\u00f3n Las empresas buscan la estandarizaci\u00f3n en la prestaci\u00f3n de servicios y productos. El objetivo de implementar un sistema de [\u2026]\" \/>\n<meta property=\"og:url\" content=\"https:\/\/marqconsult.com\/servicos\/gestao-empresarial\/\" \/>\n<meta property=\"og:site_name\" content=\"marQ Consult\" \/>\n<meta property=\"article:modified_time\" content=\"2022-09-01T14:37:13+00:00\" \/>\n<meta property=\"og:image\" content=\"https:\/\/mqteste1.azurewebsites.net\/wp\/wp-content\/uploads\/2022\/02\/divisor.png\" \/>\n<meta name=\"twitter:card\" content=\"summary_large_image\" \/>\n<meta name=\"twitter:label1\" content=\"Tiempo de lectura\" \/>\n\t<meta name=\"twitter:data1\" content=\"2 minutos\" \/>\n<script type=\"application\/ld+json\" class=\"yoast-schema-graph\">{\"@context\":\"https:\/\/schema.org\",\"@graph\":[{\"@type\":\"WebPage\",\"@id\":\"https:\/\/marqconsult.com\/servicos\/gestao-empresarial\/\",\"url\":\"https:\/\/marqconsult.com\/servicos\/gestao-empresarial\/\",\"name\":\"Gesti\u00f3n Empresarial - marQ Consult\",\"isPartOf\":{\"@id\":\"https:\/\/marqconsult.com\/#website\"},\"primaryImageOfPage\":{\"@id\":\"https:\/\/marqconsult.com\/servicos\/gestao-empresarial\/#primaryimage\"},\"image\":{\"@id\":\"https:\/\/marqconsult.com\/servicos\/gestao-empresarial\/#primaryimage\"},\"thumbnailUrl\":\"https:\/\/mqteste1.azurewebsites.net\/wp\/wp-content\/uploads\/2022\/02\/divisor.png\",\"datePublished\":\"2022-04-04T18:22:16+00:00\",\"dateModified\":\"2022-09-01T14:37:13+00:00\",\"breadcrumb\":{\"@id\":\"https:\/\/marqconsult.com\/servicos\/gestao-empresarial\/#breadcrumb\"},\"inLanguage\":\"es\",\"potentialAction\":[{\"@type\":\"ReadAction\",\"target\":[\"https:\/\/marqconsult.com\/servicos\/gestao-empresarial\/\"]}]},{\"@type\":\"ImageObject\",\"inLanguage\":\"es\",\"@id\":\"https:\/\/marqconsult.com\/servicos\/gestao-empresarial\/#primaryimage\",\"url\":\"https:\/\/mqteste1.azurewebsites.net\/wp\/wp-content\/uploads\/2022\/02\/divisor.png\",\"contentUrl\":\"https:\/\/mqteste1.azurewebsites.net\/wp\/wp-content\/uploads\/2022\/02\/divisor.png\"},{\"@type\":\"BreadcrumbList\",\"@id\":\"https:\/\/marqconsult.com\/servicos\/gestao-empresarial\/#breadcrumb\",\"itemListElement\":[{\"@type\":\"ListItem\",\"position\":1,\"name\":\"In\u00edcio\",\"item\":\"https:\/\/marqconsult.com\/es\/\"},{\"@type\":\"ListItem\",\"position\":2,\"name\":\"Servicios\",\"item\":\"https:\/\/marqconsult.com\/servicos\/\"},{\"@type\":\"ListItem\",\"position\":3,\"name\":\"Gesti\u00f3n Empresarial\"}]},{\"@type\":\"WebSite\",\"@id\":\"https:\/\/marqconsult.com\/#website\",\"url\":\"https:\/\/marqconsult.com\/\",\"name\":\"marQ Consult\",\"description\":\"Transforma\u00e7\u00e3o pela Confian\u00e7a - Gest\u00e3o Empresarial\",\"potentialAction\":[{\"@type\":\"SearchAction\",\"target\":{\"@type\":\"EntryPoint\",\"urlTemplate\":\"https:\/\/marqconsult.com\/?s={search_term_string}\"},\"query-input\":{\"@type\":\"PropertyValueSpecification\",\"valueRequired\":true,\"valueName\":\"search_term_string\"}}],\"inLanguage\":\"es\"}]}<\/script>\n<!-- \/ Yoast SEO plugin. -->","yoast_head_json":{"title":"Gesti\u00f3n Empresarial - marQ Consult","robots":{"index":"index","follow":"follow","max-snippet":"max-snippet:-1","max-image-preview":"max-image-preview:large","max-video-preview":"max-video-preview:-1"},"canonical":"https:\/\/marqconsult.com\/es\/servicos\/gestao-empresarial\/","og_locale":"es_ES","og_type":"article","og_title":"Gesti\u00f3n Empresarial - marQ Consult","og_description":"Consultor\u00eda de certificaci\u00f3n de sistemas de gesti\u00f3n Las empresas buscan la estandarizaci\u00f3n en la prestaci\u00f3n de servicios y productos. El objetivo de implementar un sistema de [\u2026]","og_url":"https:\/\/marqconsult.com\/servicos\/gestao-empresarial\/","og_site_name":"marQ Consult","article_modified_time":"2022-09-01T14:37:13+00:00","og_image":[{"url":"https:\/\/mqteste1.azurewebsites.net\/wp\/wp-content\/uploads\/2022\/02\/divisor.png","type":"","width":"","height":""}],"twitter_card":"summary_large_image","twitter_misc":{"Tiempo de lectura":"2 minutos"},"schema":{"@context":"https:\/\/schema.org","@graph":[{"@type":"WebPage","@id":"https:\/\/marqconsult.com\/servicos\/gestao-empresarial\/","url":"https:\/\/marqconsult.com\/servicos\/gestao-empresarial\/","name":"Gesti\u00f3n Empresarial - marQ Consult","isPartOf":{"@id":"https:\/\/marqconsult.com\/#website"},"primaryImageOfPage":{"@id":"https:\/\/marqconsult.com\/servicos\/gestao-empresarial\/#primaryimage"},"image":{"@id":"https:\/\/marqconsult.com\/servicos\/gestao-empresarial\/#primaryimage"},"thumbnailUrl":"https:\/\/mqteste1.azurewebsites.net\/wp\/wp-content\/uploads\/2022\/02\/divisor.png","datePublished":"2022-04-04T18:22:16+00:00","dateModified":"2022-09-01T14:37:13+00:00","breadcrumb":{"@id":"https:\/\/marqconsult.com\/servicos\/gestao-empresarial\/#breadcrumb"},"inLanguage":"es","potentialAction":[{"@type":"ReadAction","target":["https:\/\/marqconsult.com\/servicos\/gestao-empresarial\/"]}]},{"@type":"ImageObject","inLanguage":"es","@id":"https:\/\/marqconsult.com\/servicos\/gestao-empresarial\/#primaryimage","url":"https:\/\/mqteste1.azurewebsites.net\/wp\/wp-content\/uploads\/2022\/02\/divisor.png","contentUrl":"https:\/\/mqteste1.azurewebsites.net\/wp\/wp-content\/uploads\/2022\/02\/divisor.png"},{"@type":"BreadcrumbList","@id":"https:\/\/marqconsult.com\/servicos\/gestao-empresarial\/#breadcrumb","itemListElement":[{"@type":"ListItem","position":1,"name":"In\u00edcio","item":"https:\/\/marqconsult.com\/es\/"},{"@type":"ListItem","position":2,"name":"Servicios","item":"https:\/\/marqconsult.com\/servicos\/"},{"@type":"ListItem","position":3,"name":"Gesti\u00f3n Empresarial"}]},{"@type":"WebSite","@id":"https:\/\/marqconsult.com\/#website","url":"https:\/\/marqconsult.com\/","name":"marQ Consult","description":"Transforma\u00e7\u00e3o pela Confian\u00e7a - Gest\u00e3o Empresarial","potentialAction":[{"@type":"SearchAction","target":{"@type":"EntryPoint","urlTemplate":"https:\/\/marqconsult.com\/?s={search_term_string}"},"query-input":{"@type":"PropertyValueSpecification","valueRequired":true,"valueName":"search_term_string"}}],"inLanguage":"es"}]}},"_links":{"self":[{"href":"https:\/\/marqconsult.com\/es\/wp-json\/wp\/v2\/pages\/1442\/"}],"collection":[{"href":"https:\/\/marqconsult.com\/es\/wp-json\/wp\/v2\/pages\/"}],"about":[{"href":"https:\/\/marqconsult.com\/es\/wp-json\/wp\/v2\/types\/page\/"}],"author":[{"embeddable":true,"href":"https:\/\/marqconsult.com\/es\/wp-json\/wp\/v2\/users\/1\/"}],"replies":[{"embeddable":true,"href":"https:\/\/marqconsult.com\/es\/wp-json\/wp\/v2\/comments\/?post=1442"}],"version-history":[{"count":5,"href":"https:\/\/marqconsult.com\/es\/wp-json\/wp\/v2\/pages\/1442\/revisions\/"}],"predecessor-version":[{"id":2765,"href":"https:\/\/marqconsult.com\/es\/wp-json\/wp\/v2\/pages\/1442\/revisions\/2765\/"}],"up":[{"embeddable":true,"href":"https:\/\/marqconsult.com\/es\/wp-json\/wp\/v2\/pages\/1411\/"}],"wp:attachment":[{"href":"https:\/\/marqconsult.com\/es\/wp-json\/wp\/v2\/media\/?parent=1442"}],"curies":[{"name":"wp","href":"https:\/\/api.w.org\/{rel}","templated":true}]}}