{"id":3851,"date":"2024-10-15T15:53:57","date_gmt":"2024-10-15T18:53:57","guid":{"rendered":"https:\/\/marqconsult.com\/?page_id=3851"},"modified":"2024-10-15T15:56:10","modified_gmt":"2024-10-15T18:56:10","slug":"blog","status":"publish","type":"page","link":"https:\/\/marqconsult.com\/es\/blog\/","title":{"rendered":"Blog"},"content":{"rendered":"\t\t<div data-elementor-type=\"wp-page\" data-elementor-id=\"3851\" class=\"elementor elementor-3851\">\n\t\t\t\t\t\t<section class=\"elementor-section elementor-top-section elementor-element elementor-element-f73976a elementor-section-stretched elementor-section-full_width elementor-section-height-default elementor-section-height-default\" data-id=\"f73976a\" data-element_type=\"section\" data-settings=\"{&quot;stretch_section&quot;:&quot;section-stretched&quot;,&quot;background_background&quot;:&quot;classic&quot;}\">\n\t\t\t\t\t\t\t<div class=\"elementor-background-overlay\"><\/div>\n\t\t\t\t\t\t\t<div class=\"elementor-container elementor-column-gap-wider\">\n\t\t\t\t\t<div class=\"elementor-column elementor-col-100 elementor-top-column elementor-element elementor-element-84599c0\" data-id=\"84599c0\" data-element_type=\"column\">\n\t\t\t<div class=\"elementor-widget-wrap elementor-element-populated\">\n\t\t\t\t\t\t<section class=\"elementor-section elementor-inner-section elementor-element elementor-element-3531504 elementor-section-boxed elementor-section-height-default elementor-section-height-default\" data-id=\"3531504\" data-element_type=\"section\">\n\t\t\t\t\t\t<div class=\"elementor-container elementor-column-gap-default\">\n\t\t\t\t\t<div class=\"elementor-column elementor-col-100 elementor-inner-column elementor-element elementor-element-b41cb0c\" data-id=\"b41cb0c\" data-element_type=\"column\">\n\t\t\t<div class=\"elementor-widget-wrap elementor-element-populated\">\n\t\t\t\t\t\t<div class=\"elementor-element elementor-element-61ca013 elementor-widget elementor-widget-text-editor\" data-id=\"61ca013\" data-element_type=\"widget\" data-widget_type=\"text-editor.default\">\n\t\t\t\t<div class=\"elementor-widget-container\">\n\t\t\t\t\t\t\t\t\tBlog\t\t\t\t\t\t\t\t<\/div>\n\t\t\t\t<\/div>\n\t\t\t\t<div class=\"elementor-element elementor-element-8db9476 elementor-widget elementor-widget-image\" data-id=\"8db9476\" data-element_type=\"widget\" data-widget_type=\"image.default\">\n\t\t\t\t<div class=\"elementor-widget-container\">\n\t\t\t\t\t\t\t\t\t\t\t\t\t\t\t<img decoding=\"async\" width=\"26\" height=\"8\" src=\"https:\/\/marqconsult.com\/wp-content\/uploads\/2022\/02\/divisor.png\" class=\"attachment-large size-large wp-image-763\" alt=\"\" \/>\t\t\t\t\t\t\t\t\t\t\t\t\t\t\t<\/div>\n\t\t\t\t<\/div>\n\t\t\t\t\t<\/div>\n\t\t<\/div>\n\t\t\t\t\t<\/div>\n\t\t<\/section>\n\t\t\t\t\t<\/div>\n\t\t<\/div>\n\t\t\t\t\t<\/div>\n\t\t<\/section>\n\t\t\t\t<section class=\"elementor-section elementor-top-section elementor-element elementor-element-6d43507 elementor-section-stretched elementor-section-boxed elementor-section-height-default elementor-section-height-default\" data-id=\"6d43507\" data-element_type=\"section\" data-settings=\"{&quot;stretch_section&quot;:&quot;section-stretched&quot;,&quot;background_background&quot;:&quot;classic&quot;}\">\n\t\t\t\t\t\t<div class=\"elementor-container elementor-column-gap-wider\">\n\t\t\t\t\t<div class=\"elementor-column elementor-col-100 elementor-top-column elementor-element elementor-element-96e0253\" data-id=\"96e0253\" data-element_type=\"column\">\n\t\t\t<div class=\"elementor-widget-wrap elementor-element-populated\">\n\t\t\t\t\t\t<section class=\"elementor-section elementor-inner-section elementor-element elementor-element-7a782c2 elementor-section-boxed elementor-section-height-default elementor-section-height-default\" data-id=\"7a782c2\" data-element_type=\"section\">\n\t\t\t\t\t\t<div class=\"elementor-container elementor-column-gap-wide\">\n\t\t\t\t\t<div class=\"elementor-column elementor-col-100 elementor-inner-column elementor-element elementor-element-2515f2d\" data-id=\"2515f2d\" data-element_type=\"column\">\n\t\t\t<div class=\"elementor-widget-wrap elementor-element-populated\">\n\t\t\t\t\t\t<div class=\"elementor-element elementor-element-8d0cf78 elementor-widget elementor-widget-mfn_blog\" data-id=\"8d0cf78\" data-element_type=\"widget\" data-widget_type=\"mfn_blog.default\">\n\t\t\t\t<div class=\"elementor-widget-container\">\n\t\t\t\t\t<div class=\"column_filters\"><div class=\"blog_wrapper isotope_wrapper clearfix\"><div class=\"posts_group lm_wrapper col-3 grid\"><div class=\"post-item isotope-item clearfix post-3846 post type-post status-publish format-standard has-post-thumbnail hentry category-blog-es category-revisao\" style=\"\"><div class=\"date_label\">4 de noviembre de 2024<\/div><div class=\"image_frame post-photo-wrapper scale-with-grid image\"><div class=\"image_wrapper\"><a href=\"https:\/\/marqconsult.com\/es\/dia-del-hotelero-la-importancia-de-los-profesionales-detras-del-exito-de-los-hoteles\/\"><div class=\"mask\"><\/div><img fetchpriority=\"high\" decoding=\"async\" width=\"960\" height=\"667\" src=\"https:\/\/marqconsult.com\/wp-content\/uploads\/2024\/10\/capa-hoteleiro-1-960x667.jpg\" class=\"scale-with-grid wp-post-image\" alt=\"Profissional de hotelaria trabalhando na recep\u00e7\u00e3o de hotel.\" \/><\/a><div class=\"image_links double\"><a class=\"zoom \"  rel=\"prettyphoto\" href=\"https:\/\/marqconsult.com\/wp-content\/uploads\/2024\/10\/capa-hoteleiro-1.jpg\"><svg viewBox=\"0 0 26 26\"><defs><style>.path{fill:none;stroke:#333;stroke-miterlimit:10;stroke-width:1.5px;}<\/style><\/defs><circle cx=\"11.35\" cy=\"11.35\" r=\"6\" class=\"path\"><\/circle><line x1=\"15.59\" y1=\"15.59\" x2=\"20.65\" y2=\"20.65\" class=\"path\"><\/line><\/svg><\/a><a class=\"link \"  href=\"https:\/\/marqconsult.com\/es\/dia-del-hotelero-la-importancia-de-los-profesionales-detras-del-exito-de-los-hoteles\/\"><svg viewBox=\"0 0 26 26\"><defs><style>.path{fill:none;stroke:#333;stroke-miterlimit:10;stroke-width:1.5px;}<\/style><\/defs><g><path d=\"M10.17,8.76l2.12-2.12a5,5,0,0,1,7.07,0h0a5,5,0,0,1,0,7.07l-2.12,2.12\" class=\"path\"><\/path><path d=\"M15.83,17.24l-2.12,2.12a5,5,0,0,1-7.07,0h0a5,5,0,0,1,0-7.07l2.12-2.12\" class=\"path\"><\/path><line x1=\"10.17\" y1=\"15.83\" x2=\"15.83\" y2=\"10.17\" class=\"path\"><\/line><\/g><\/svg><\/a><\/div><\/div><\/div><div class=\"post-desc-wrapper bg- has-custom-bg\" style=\"\"><div class=\"post-desc\"><div class=\"post-head\"><\/div><div class=\"post-title\"><h6 class=\"entry-title\" itemprop=\"headline\"><a href=\"https:\/\/marqconsult.com\/es\/dia-del-hotelero-la-importancia-de-los-profesionales-detras-del-exito-de-los-hoteles\/\">D\u00eda del Hotelero: La Importancia de los Profesionales Detr\u00e1s del \u00c9xito de los Hoteles<\/a><\/h6><\/div><div class=\"post-footer\"><div class=\"button-love\"><span class=\"love-text\">Voc\u00ea gosta disso?<\/span><a href=\"#\" class=\"mfn-love \" data-id=\"3846\"><span class=\"icons-wrapper\"><i class=\"icon-heart-empty-fa\"><\/i><i class=\"icon-heart-fa\"><\/i><\/span><span class=\"label\">0<\/span><\/a><\/div><div class=\"post-links\"><i class=\"icon-comment-empty-fa\"><\/i> <a href=\"https:\/\/marqconsult.com\/es\/dia-del-hotelero-la-importancia-de-los-profesionales-detras-del-exito-de-los-hoteles\/#respond\" class=\"post-comments\">0<\/a><i class=\"icon-doc-text\"><\/i> <a href=\"https:\/\/marqconsult.com\/es\/dia-del-hotelero-la-importancia-de-los-profesionales-detras-del-exito-de-los-hoteles\/\" class=\"post-more\">Ler mais<\/a><\/div><\/div><\/div><\/div><\/div><\/div><\/div>\n<\/div>\n\t\t\t\t<\/div>\n\t\t\t\t<\/div>\n\t\t\t\t\t<\/div>\n\t\t<\/div>\n\t\t\t\t\t<\/div>\n\t\t<\/section>\n\t\t\t\t\t<\/div>\n\t\t<\/div>\n\t\t\t\t\t<\/div>\n\t\t<\/section>\n\t\t\t\t<\/div>\n\t\t","protected":false},"excerpt":{"rendered":"<p>Blog 21 de novembro de 2023 Como potencializar a qualidade do servi\u00e7o hoteleiro em meio a alta temporada? Conhe\u00e7a o marQ Room Check Voc\u00ea gosta disso?1<span class=\"excerpt-hellip\"> [\u2026]<\/span><\/p>\n","protected":false},"author":2,"featured_media":0,"parent":0,"menu_order":0,"comment_status":"closed","ping_status":"closed","template":"","meta":{"footnotes":""},"class_list":["post-3851","page","type-page","status-publish","hentry"],"yoast_head":"<!-- This site is optimized with the Yoast SEO plugin v25.7 - https:\/\/yoast.com\/wordpress\/plugins\/seo\/ -->\n<title>Blog - marQ Consult<\/title>\n<meta name=\"robots\" content=\"index, follow, max-snippet:-1, max-image-preview:large, max-video-preview:-1\" \/>\n<link rel=\"canonical\" href=\"https:\/\/marqconsult.com\/es\/blog\/\" \/>\n<meta property=\"og:locale\" content=\"es_ES\" \/>\n<meta property=\"og:type\" content=\"article\" \/>\n<meta property=\"og:title\" content=\"Blog - marQ Consult\" \/>\n<meta property=\"og:description\" content=\"Blog 21 de novembro de 2023 Como potencializar a qualidade do servi\u00e7o hoteleiro em meio a alta temporada? Conhe\u00e7a o marQ Room Check Voc\u00ea gosta disso?1 [\u2026]\" \/>\n<meta property=\"og:url\" content=\"https:\/\/marqconsult.com\/es\/blog\/\" \/>\n<meta property=\"og:site_name\" content=\"marQ Consult\" \/>\n<meta property=\"article:modified_time\" content=\"2024-10-15T18:56:10+00:00\" \/>\n<meta property=\"og:image\" content=\"https:\/\/marqconsult.com\/wp-content\/uploads\/2022\/02\/divisor.png\" \/>\n<meta name=\"twitter:card\" content=\"summary_large_image\" \/>\n<script type=\"application\/ld+json\" class=\"yoast-schema-graph\">{\"@context\":\"https:\/\/schema.org\",\"@graph\":[{\"@type\":\"WebPage\",\"@id\":\"https:\/\/marqconsult.com\/es\/blog\/\",\"url\":\"https:\/\/marqconsult.com\/es\/blog\/\",\"name\":\"Blog - marQ Consult\",\"isPartOf\":{\"@id\":\"https:\/\/marqconsult.com\/#website\"},\"primaryImageOfPage\":{\"@id\":\"https:\/\/marqconsult.com\/es\/blog\/#primaryimage\"},\"image\":{\"@id\":\"https:\/\/marqconsult.com\/es\/blog\/#primaryimage\"},\"thumbnailUrl\":\"https:\/\/marqconsult.com\/wp-content\/uploads\/2022\/02\/divisor.png\",\"datePublished\":\"2024-10-15T18:53:57+00:00\",\"dateModified\":\"2024-10-15T18:56:10+00:00\",\"breadcrumb\":{\"@id\":\"https:\/\/marqconsult.com\/es\/blog\/#breadcrumb\"},\"inLanguage\":\"es\",\"potentialAction\":[{\"@type\":\"ReadAction\",\"target\":[\"https:\/\/marqconsult.com\/es\/blog\/\"]}]},{\"@type\":\"ImageObject\",\"inLanguage\":\"es\",\"@id\":\"https:\/\/marqconsult.com\/es\/blog\/#primaryimage\",\"url\":\"https:\/\/marqconsult.com\/wp-content\/uploads\/2022\/02\/divisor.png\",\"contentUrl\":\"https:\/\/marqconsult.com\/wp-content\/uploads\/2022\/02\/divisor.png\"},{\"@type\":\"BreadcrumbList\",\"@id\":\"https:\/\/marqconsult.com\/es\/blog\/#breadcrumb\",\"itemListElement\":[{\"@type\":\"ListItem\",\"position\":1,\"name\":\"In\u00edcio\",\"item\":\"https:\/\/marqconsult.com\/es\/\"},{\"@type\":\"ListItem\",\"position\":2,\"name\":\"Blog\"}]},{\"@type\":\"WebSite\",\"@id\":\"https:\/\/marqconsult.com\/#website\",\"url\":\"https:\/\/marqconsult.com\/\",\"name\":\"marQ Consult\",\"description\":\"Transforma\u00e7\u00e3o pela Confian\u00e7a - Gest\u00e3o Empresarial\",\"potentialAction\":[{\"@type\":\"SearchAction\",\"target\":{\"@type\":\"EntryPoint\",\"urlTemplate\":\"https:\/\/marqconsult.com\/?s={search_term_string}\"},\"query-input\":{\"@type\":\"PropertyValueSpecification\",\"valueRequired\":true,\"valueName\":\"search_term_string\"}}],\"inLanguage\":\"es\"}]}<\/script>\n<!-- \/ Yoast SEO plugin. -->","yoast_head_json":{"title":"Blog - marQ Consult","robots":{"index":"index","follow":"follow","max-snippet":"max-snippet:-1","max-image-preview":"max-image-preview:large","max-video-preview":"max-video-preview:-1"},"canonical":"https:\/\/marqconsult.com\/es\/blog\/","og_locale":"es_ES","og_type":"article","og_title":"Blog - marQ Consult","og_description":"Blog 21 de novembro de 2023 Como potencializar a qualidade do servi\u00e7o hoteleiro em meio a alta temporada? Conhe\u00e7a o marQ Room Check Voc\u00ea gosta disso?1 [\u2026]","og_url":"https:\/\/marqconsult.com\/es\/blog\/","og_site_name":"marQ Consult","article_modified_time":"2024-10-15T18:56:10+00:00","og_image":[{"url":"https:\/\/marqconsult.com\/wp-content\/uploads\/2022\/02\/divisor.png","type":"","width":"","height":""}],"twitter_card":"summary_large_image","schema":{"@context":"https:\/\/schema.org","@graph":[{"@type":"WebPage","@id":"https:\/\/marqconsult.com\/es\/blog\/","url":"https:\/\/marqconsult.com\/es\/blog\/","name":"Blog - marQ Consult","isPartOf":{"@id":"https:\/\/marqconsult.com\/#website"},"primaryImageOfPage":{"@id":"https:\/\/marqconsult.com\/es\/blog\/#primaryimage"},"image":{"@id":"https:\/\/marqconsult.com\/es\/blog\/#primaryimage"},"thumbnailUrl":"https:\/\/marqconsult.com\/wp-content\/uploads\/2022\/02\/divisor.png","datePublished":"2024-10-15T18:53:57+00:00","dateModified":"2024-10-15T18:56:10+00:00","breadcrumb":{"@id":"https:\/\/marqconsult.com\/es\/blog\/#breadcrumb"},"inLanguage":"es","potentialAction":[{"@type":"ReadAction","target":["https:\/\/marqconsult.com\/es\/blog\/"]}]},{"@type":"ImageObject","inLanguage":"es","@id":"https:\/\/marqconsult.com\/es\/blog\/#primaryimage","url":"https:\/\/marqconsult.com\/wp-content\/uploads\/2022\/02\/divisor.png","contentUrl":"https:\/\/marqconsult.com\/wp-content\/uploads\/2022\/02\/divisor.png"},{"@type":"BreadcrumbList","@id":"https:\/\/marqconsult.com\/es\/blog\/#breadcrumb","itemListElement":[{"@type":"ListItem","position":1,"name":"In\u00edcio","item":"https:\/\/marqconsult.com\/es\/"},{"@type":"ListItem","position":2,"name":"Blog"}]},{"@type":"WebSite","@id":"https:\/\/marqconsult.com\/#website","url":"https:\/\/marqconsult.com\/","name":"marQ Consult","description":"Transforma\u00e7\u00e3o pela Confian\u00e7a - Gest\u00e3o Empresarial","potentialAction":[{"@type":"SearchAction","target":{"@type":"EntryPoint","urlTemplate":"https:\/\/marqconsult.com\/?s={search_term_string}"},"query-input":{"@type":"PropertyValueSpecification","valueRequired":true,"valueName":"search_term_string"}}],"inLanguage":"es"}]}},"_links":{"self":[{"href":"https:\/\/marqconsult.com\/es\/wp-json\/wp\/v2\/pages\/3851\/"}],"collection":[{"href":"https:\/\/marqconsult.com\/es\/wp-json\/wp\/v2\/pages\/"}],"about":[{"href":"https:\/\/marqconsult.com\/es\/wp-json\/wp\/v2\/types\/page\/"}],"author":[{"embeddable":true,"href":"https:\/\/marqconsult.com\/es\/wp-json\/wp\/v2\/users\/2\/"}],"replies":[{"embeddable":true,"href":"https:\/\/marqconsult.com\/es\/wp-json\/wp\/v2\/comments\/?post=3851"}],"version-history":[{"count":1,"href":"https:\/\/marqconsult.com\/es\/wp-json\/wp\/v2\/pages\/3851\/revisions\/"}],"predecessor-version":[{"id":3852,"href":"https:\/\/marqconsult.com\/es\/wp-json\/wp\/v2\/pages\/3851\/revisions\/3852\/"}],"wp:attachment":[{"href":"https:\/\/marqconsult.com\/es\/wp-json\/wp\/v2\/media\/?parent=3851"}],"curies":[{"name":"wp","href":"https:\/\/api.w.org\/{rel}","templated":true}]}}