{"id":1858,"date":"2022-04-19T17:10:02","date_gmt":"2022-04-19T20:10:02","guid":{"rendered":"https:\/\/mqteste1.azurewebsites.net\/wp\/?page_id=1858"},"modified":"2022-09-01T11:42:42","modified_gmt":"2022-09-01T14:42:42","slug":"partenaires","status":"publish","type":"page","link":"https:\/\/marqconsult.com\/fr\/partenaires\/","title":{"rendered":"Partenaires"},"content":{"rendered":"\t\t<div data-elementor-type=\"wp-page\" data-elementor-id=\"1858\" class=\"elementor elementor-1858\">\n\t\t\t\t\t\t<section class=\"elementor-section elementor-top-section elementor-element elementor-element-a4727b2 elementor-section-stretched elementor-section-boxed elementor-section-height-default elementor-section-height-default\" data-id=\"a4727b2\" data-element_type=\"section\" data-settings=\"{&quot;stretch_section&quot;:&quot;section-stretched&quot;,&quot;background_background&quot;:&quot;classic&quot;}\">\n\t\t\t\t\t\t\t<div class=\"elementor-background-overlay\"><\/div>\n\t\t\t\t\t\t\t<div class=\"elementor-container elementor-column-gap-wider\">\n\t\t\t\t\t<div class=\"elementor-column elementor-col-100 elementor-top-column elementor-element elementor-element-c46ae12\" data-id=\"c46ae12\" data-element_type=\"column\">\n\t\t\t<div class=\"elementor-widget-wrap elementor-element-populated\">\n\t\t\t\t\t\t<section class=\"elementor-section elementor-inner-section elementor-element elementor-element-13116f7 elementor-section-boxed elementor-section-height-default elementor-section-height-default\" data-id=\"13116f7\" data-element_type=\"section\">\n\t\t\t\t\t\t<div class=\"elementor-container elementor-column-gap-default\">\n\t\t\t\t\t<div class=\"elementor-column elementor-col-100 elementor-inner-column elementor-element elementor-element-b36fd81\" data-id=\"b36fd81\" data-element_type=\"column\">\n\t\t\t<div class=\"elementor-widget-wrap elementor-element-populated\">\n\t\t\t\t\t\t<div class=\"elementor-element elementor-element-dd7c0f5 elementor-widget elementor-widget-text-editor\" data-id=\"dd7c0f5\" data-element_type=\"widget\" data-widget_type=\"text-editor.default\">\n\t\t\t\t<div class=\"elementor-widget-container\">\n\t\t\t\t\t\t\t\t\tEn France\t\t\t\t\t\t\t\t<\/div>\n\t\t\t\t<\/div>\n\t\t\t\t<div class=\"elementor-element elementor-element-5dee036 elementor-widget elementor-widget-image\" data-id=\"5dee036\" data-element_type=\"widget\" data-widget_type=\"image.default\">\n\t\t\t\t<div class=\"elementor-widget-container\">\n\t\t\t\t\t\t\t\t\t\t\t\t\t\t\t<img decoding=\"async\" width=\"26\" height=\"8\" src=\"https:\/\/marqconsult.com\/wp-content\/uploads\/2022\/02\/divisor.png\" class=\"attachment-large size-large wp-image-763\" alt=\"\" \/>\t\t\t\t\t\t\t\t\t\t\t\t\t\t\t<\/div>\n\t\t\t\t<\/div>\n\t\t\t\t\t<\/div>\n\t\t<\/div>\n\t\t\t\t\t<\/div>\n\t\t<\/section>\n\t\t\t\t<section class=\"elementor-section elementor-inner-section elementor-element elementor-element-83a9755 elementor-section-boxed elementor-section-height-default elementor-section-height-default\" data-id=\"83a9755\" data-element_type=\"section\">\n\t\t\t\t\t\t<div class=\"elementor-container elementor-column-gap-default\">\n\t\t\t\t\t<div class=\"elementor-column elementor-col-33 elementor-inner-column elementor-element elementor-element-bd03767\" data-id=\"bd03767\" data-element_type=\"column\">\n\t\t\t<div class=\"elementor-widget-wrap elementor-element-populated\">\n\t\t\t\t\t\t<div class=\"elementor-element elementor-element-28ade02 elementor-widget elementor-widget-image\" data-id=\"28ade02\" data-element_type=\"widget\" data-widget_type=\"image.default\">\n\t\t\t\t<div class=\"elementor-widget-container\">\n\t\t\t\t\t\t\t\t\t\t\t\t\t\t\t\t<a href=\"https:\/\/all.accor.com\/brasil\/index.pt-br.shtml\" target=\"_blank\">\n\t\t\t\t\t\t\t<img decoding=\"async\" width=\"280\" height=\"122\" src=\"https:\/\/marqconsult.com\/wp-content\/uploads\/2022\/04\/cantarel.png\" class=\"attachment-large size-large wp-image-1863\" alt=\"\" srcset=\"https:\/\/marqconsult.com\/wp-content\/uploads\/2022\/04\/cantarel.png 280w, https:\/\/marqconsult.com\/wp-content\/uploads\/2022\/04\/cantarel-260x113.png 260w, https:\/\/marqconsult.com\/wp-content\/uploads\/2022\/04\/cantarel-50x22.png 50w, https:\/\/marqconsult.com\/wp-content\/uploads\/2022\/04\/cantarel-150x65.png 150w\" sizes=\"(max-width: 280px) 100vw, 280px\" \/>\t\t\t\t\t\t\t\t<\/a>\n\t\t\t\t\t\t\t\t\t\t\t\t\t\t\t<\/div>\n\t\t\t\t<\/div>\n\t\t\t\t\t<\/div>\n\t\t<\/div>\n\t\t\t\t<div class=\"elementor-column elementor-col-33 elementor-inner-column elementor-element elementor-element-c09f9bc\" data-id=\"c09f9bc\" data-element_type=\"column\">\n\t\t\t<div class=\"elementor-widget-wrap elementor-element-populated\">\n\t\t\t\t\t\t<div class=\"elementor-element elementor-element-effbb80 elementor-widget elementor-widget-image\" data-id=\"effbb80\" data-element_type=\"widget\" data-widget_type=\"image.default\">\n\t\t\t\t<div class=\"elementor-widget-container\">\n\t\t\t\t\t\t\t\t\t\t\t\t\t\t\t\t<a href=\"https:\/\/www.adisseo.com\/\" target=\"_blank\">\n\t\t\t\t\t\t\t<img decoding=\"async\" width=\"280\" height=\"122\" src=\"https:\/\/marqconsult.com\/wp-content\/uploads\/2022\/04\/perficio.png\" class=\"attachment-large size-large wp-image-1867\" alt=\"\" srcset=\"https:\/\/marqconsult.com\/wp-content\/uploads\/2022\/04\/perficio.png 280w, https:\/\/marqconsult.com\/wp-content\/uploads\/2022\/04\/perficio-260x113.png 260w, https:\/\/marqconsult.com\/wp-content\/uploads\/2022\/04\/perficio-50x22.png 50w, https:\/\/marqconsult.com\/wp-content\/uploads\/2022\/04\/perficio-150x65.png 150w\" sizes=\"(max-width: 280px) 100vw, 280px\" \/>\t\t\t\t\t\t\t\t<\/a>\n\t\t\t\t\t\t\t\t\t\t\t\t\t\t\t<\/div>\n\t\t\t\t<\/div>\n\t\t\t\t\t<\/div>\n\t\t<\/div>\n\t\t\t\t<div class=\"elementor-column elementor-col-33 elementor-inner-column elementor-element elementor-element-5d00a1b\" data-id=\"5d00a1b\" data-element_type=\"column\">\n\t\t\t<div class=\"elementor-widget-wrap elementor-element-populated\">\n\t\t\t\t\t\t<div class=\"elementor-element elementor-element-686630b elementor-widget elementor-widget-image\" data-id=\"686630b\" data-element_type=\"widget\" data-widget_type=\"image.default\">\n\t\t\t\t<div class=\"elementor-widget-container\">\n\t\t\t\t\t\t\t\t\t\t\t\t\t\t\t\t<a href=\"http:\/\/agedobrasil.com.br\/\" target=\"_blank\">\n\t\t\t\t\t\t\t<img loading=\"lazy\" decoding=\"async\" width=\"280\" height=\"122\" src=\"https:\/\/marqconsult.com\/wp-content\/uploads\/2022\/04\/prowatt.png\" class=\"attachment-large size-large wp-image-1871\" alt=\"\" srcset=\"https:\/\/marqconsult.com\/wp-content\/uploads\/2022\/04\/prowatt.png 280w, https:\/\/marqconsult.com\/wp-content\/uploads\/2022\/04\/prowatt-260x113.png 260w, https:\/\/marqconsult.com\/wp-content\/uploads\/2022\/04\/prowatt-50x22.png 50w, https:\/\/marqconsult.com\/wp-content\/uploads\/2022\/04\/prowatt-150x65.png 150w\" sizes=\"(max-width: 280px) 100vw, 280px\" \/>\t\t\t\t\t\t\t\t<\/a>\n\t\t\t\t\t\t\t\t\t\t\t\t\t\t\t<\/div>\n\t\t\t\t<\/div>\n\t\t\t\t\t<\/div>\n\t\t<\/div>\n\t\t\t\t\t<\/div>\n\t\t<\/section>\n\t\t\t\t<div class=\"elementor-element elementor-element-68d2eb7 elementor-widget elementor-widget-spacer\" data-id=\"68d2eb7\" data-element_type=\"widget\" data-widget_type=\"spacer.default\">\n\t\t\t\t<div class=\"elementor-widget-container\">\n\t\t\t\t\t\t\t<div class=\"elementor-spacer\">\n\t\t\t<div class=\"elementor-spacer-inner\"><\/div>\n\t\t<\/div>\n\t\t\t\t\t\t<\/div>\n\t\t\t\t<\/div>\n\t\t\t\t<section class=\"elementor-section elementor-inner-section elementor-element elementor-element-edb656c elementor-section-boxed elementor-section-height-default elementor-section-height-default\" data-id=\"edb656c\" data-element_type=\"section\">\n\t\t\t\t\t\t<div class=\"elementor-container elementor-column-gap-default\">\n\t\t\t\t\t<div class=\"elementor-column elementor-col-100 elementor-inner-column elementor-element elementor-element-59a1adb\" data-id=\"59a1adb\" data-element_type=\"column\">\n\t\t\t<div class=\"elementor-widget-wrap elementor-element-populated\">\n\t\t\t\t\t\t<div class=\"elementor-element elementor-element-0c8c818 elementor-widget elementor-widget-text-editor\" data-id=\"0c8c818\" data-element_type=\"widget\" data-widget_type=\"text-editor.default\">\n\t\t\t\t<div class=\"elementor-widget-container\">\n\t\t\t\t\t\t\t\t\tA l\u2019international\t\t\t\t\t\t\t\t<\/div>\n\t\t\t\t<\/div>\n\t\t\t\t<div class=\"elementor-element elementor-element-df3067e elementor-widget elementor-widget-image\" data-id=\"df3067e\" data-element_type=\"widget\" data-widget_type=\"image.default\">\n\t\t\t\t<div class=\"elementor-widget-container\">\n\t\t\t\t\t\t\t\t\t\t\t\t\t\t\t<img decoding=\"async\" width=\"26\" height=\"8\" src=\"https:\/\/marqconsult.com\/wp-content\/uploads\/2022\/02\/divisor.png\" class=\"attachment-large size-large wp-image-763\" alt=\"\" \/>\t\t\t\t\t\t\t\t\t\t\t\t\t\t\t<\/div>\n\t\t\t\t<\/div>\n\t\t\t\t\t<\/div>\n\t\t<\/div>\n\t\t\t\t\t<\/div>\n\t\t<\/section>\n\t\t\t\t<section class=\"elementor-section elementor-inner-section elementor-element elementor-element-778dac7 elementor-section-boxed elementor-section-height-default elementor-section-height-default\" data-id=\"778dac7\" data-element_type=\"section\">\n\t\t\t\t\t\t<div class=\"elementor-container elementor-column-gap-default\">\n\t\t\t\t\t<div class=\"elementor-column elementor-col-33 elementor-inner-column elementor-element elementor-element-2f235bf\" data-id=\"2f235bf\" data-element_type=\"column\">\n\t\t\t<div class=\"elementor-widget-wrap elementor-element-populated\">\n\t\t\t\t\t\t<div class=\"elementor-element elementor-element-5a5ce1d elementor-widget elementor-widget-image\" data-id=\"5a5ce1d\" data-element_type=\"widget\" data-widget_type=\"image.default\">\n\t\t\t\t<div class=\"elementor-widget-container\">\n\t\t\t\t\t\t\t\t\t\t\t\t\t\t\t\t<a href=\"https:\/\/ibis.accor.com\/brasil\/index.pt-br.shtml\" target=\"_blank\">\n\t\t\t\t\t\t\t<img loading=\"lazy\" decoding=\"async\" width=\"280\" height=\"122\" src=\"https:\/\/marqconsult.com\/wp-content\/uploads\/2022\/04\/ariaq.png\" class=\"attachment-large size-large wp-image-1875\" alt=\"\" srcset=\"https:\/\/marqconsult.com\/wp-content\/uploads\/2022\/04\/ariaq.png 280w, https:\/\/marqconsult.com\/wp-content\/uploads\/2022\/04\/ariaq-260x113.png 260w, https:\/\/marqconsult.com\/wp-content\/uploads\/2022\/04\/ariaq-50x22.png 50w, https:\/\/marqconsult.com\/wp-content\/uploads\/2022\/04\/ariaq-150x65.png 150w\" sizes=\"(max-width: 280px) 100vw, 280px\" \/>\t\t\t\t\t\t\t\t<\/a>\n\t\t\t\t\t\t\t\t\t\t\t\t\t\t\t<\/div>\n\t\t\t\t<\/div>\n\t\t\t\t\t<\/div>\n\t\t<\/div>\n\t\t\t\t<div class=\"elementor-column elementor-col-33 elementor-inner-column elementor-element elementor-element-3620717\" data-id=\"3620717\" data-element_type=\"column\">\n\t\t\t<div class=\"elementor-widget-wrap elementor-element-populated\">\n\t\t\t\t\t\t<div class=\"elementor-element elementor-element-fc9421f elementor-widget elementor-widget-image\" data-id=\"fc9421f\" data-element_type=\"widget\" data-widget_type=\"image.default\">\n\t\t\t\t<div class=\"elementor-widget-container\">\n\t\t\t\t\t\t\t\t\t\t\t\t\t\t\t\t<a href=\"https:\/\/www.jnjbrasil.com.br\/\" target=\"_blank\">\n\t\t\t\t\t\t\t<img loading=\"lazy\" decoding=\"async\" width=\"280\" height=\"122\" src=\"https:\/\/marqconsult.com\/wp-content\/uploads\/2022\/04\/marq.png\" class=\"attachment-large size-large wp-image-1879\" alt=\"\" srcset=\"https:\/\/marqconsult.com\/wp-content\/uploads\/2022\/04\/marq.png 280w, https:\/\/marqconsult.com\/wp-content\/uploads\/2022\/04\/marq-260x113.png 260w, https:\/\/marqconsult.com\/wp-content\/uploads\/2022\/04\/marq-50x22.png 50w, https:\/\/marqconsult.com\/wp-content\/uploads\/2022\/04\/marq-150x65.png 150w\" sizes=\"(max-width: 280px) 100vw, 280px\" \/>\t\t\t\t\t\t\t\t<\/a>\n\t\t\t\t\t\t\t\t\t\t\t\t\t\t\t<\/div>\n\t\t\t\t<\/div>\n\t\t\t\t\t<\/div>\n\t\t<\/div>\n\t\t\t\t<div class=\"elementor-column elementor-col-33 elementor-inner-column elementor-element elementor-element-0e38e60\" data-id=\"0e38e60\" data-element_type=\"column\">\n\t\t\t<div class=\"elementor-widget-wrap elementor-element-populated\">\n\t\t\t\t\t\t<div class=\"elementor-element elementor-element-f935a36 elementor-widget elementor-widget-image\" data-id=\"f935a36\" data-element_type=\"widget\" data-widget_type=\"image.default\">\n\t\t\t\t<div class=\"elementor-widget-container\">\n\t\t\t\t\t\t\t\t\t\t\t\t\t\t\t\t<a href=\"https:\/\/www.kalunga.com.br\/\" target=\"_blank\">\n\t\t\t\t\t\t\t<img loading=\"lazy\" decoding=\"async\" width=\"280\" height=\"122\" src=\"https:\/\/marqconsult.com\/wp-content\/uploads\/2022\/04\/qsi-plus.png\" class=\"attachment-large size-large wp-image-1883\" alt=\"\" srcset=\"https:\/\/marqconsult.com\/wp-content\/uploads\/2022\/04\/qsi-plus.png 280w, https:\/\/marqconsult.com\/wp-content\/uploads\/2022\/04\/qsi-plus-260x113.png 260w, https:\/\/marqconsult.com\/wp-content\/uploads\/2022\/04\/qsi-plus-50x22.png 50w, https:\/\/marqconsult.com\/wp-content\/uploads\/2022\/04\/qsi-plus-150x65.png 150w\" sizes=\"(max-width: 280px) 100vw, 280px\" \/>\t\t\t\t\t\t\t\t<\/a>\n\t\t\t\t\t\t\t\t\t\t\t\t\t\t\t<\/div>\n\t\t\t\t<\/div>\n\t\t\t\t\t<\/div>\n\t\t<\/div>\n\t\t\t\t\t<\/div>\n\t\t<\/section>\n\t\t\t\t\t<\/div>\n\t\t<\/div>\n\t\t\t\t\t<\/div>\n\t\t<\/section>\n\t\t\t\t<\/div>\n\t\t","protected":false},"excerpt":{"rendered":"<p>En France A l\u2019international<\/p>\n","protected":false},"author":1,"featured_media":0,"parent":0,"menu_order":0,"comment_status":"closed","ping_status":"closed","template":"","meta":{"footnotes":""},"class_list":["post-1858","page","type-page","status-publish","hentry"],"yoast_head":"<!-- This site is optimized with the Yoast SEO plugin v25.7 - https:\/\/yoast.com\/wordpress\/plugins\/seo\/ -->\n<title>Partenaires - marQ Consult<\/title>\n<meta name=\"robots\" content=\"index, follow, max-snippet:-1, max-image-preview:large, max-video-preview:-1\" \/>\n<link rel=\"canonical\" href=\"https:\/\/marqconsult.com\/fr\/partenaires\/\" \/>\n<meta property=\"og:locale\" content=\"fr_FR\" \/>\n<meta property=\"og:type\" content=\"article\" \/>\n<meta property=\"og:title\" content=\"Partenaires - marQ Consult\" \/>\n<meta property=\"og:description\" content=\"En France A l\u2019international\" \/>\n<meta property=\"og:url\" content=\"https:\/\/marqconsult.com\/fr\/partenaires\/\" \/>\n<meta property=\"og:site_name\" content=\"marQ Consult\" \/>\n<meta property=\"article:modified_time\" content=\"2022-09-01T14:42:42+00:00\" \/>\n<meta property=\"og:image\" content=\"https:\/\/mqteste1.azurewebsites.net\/wp\/wp-content\/uploads\/2022\/02\/divisor.png\" \/>\n<meta name=\"twitter:card\" content=\"summary_large_image\" \/>\n<script type=\"application\/ld+json\" class=\"yoast-schema-graph\">{\"@context\":\"https:\/\/schema.org\",\"@graph\":[{\"@type\":\"WebPage\",\"@id\":\"https:\/\/marqconsult.com\/fr\/partenaires\/\",\"url\":\"https:\/\/marqconsult.com\/fr\/partenaires\/\",\"name\":\"Partenaires - marQ Consult\",\"isPartOf\":{\"@id\":\"https:\/\/marqconsult.com\/#website\"},\"primaryImageOfPage\":{\"@id\":\"https:\/\/marqconsult.com\/fr\/partenaires\/#primaryimage\"},\"image\":{\"@id\":\"https:\/\/marqconsult.com\/fr\/partenaires\/#primaryimage\"},\"thumbnailUrl\":\"https:\/\/mqteste1.azurewebsites.net\/wp\/wp-content\/uploads\/2022\/02\/divisor.png\",\"datePublished\":\"2022-04-19T20:10:02+00:00\",\"dateModified\":\"2022-09-01T14:42:42+00:00\",\"breadcrumb\":{\"@id\":\"https:\/\/marqconsult.com\/fr\/partenaires\/#breadcrumb\"},\"inLanguage\":\"fr-FR\",\"potentialAction\":[{\"@type\":\"ReadAction\",\"target\":[\"https:\/\/marqconsult.com\/fr\/partenaires\/\"]}]},{\"@type\":\"ImageObject\",\"inLanguage\":\"fr-FR\",\"@id\":\"https:\/\/marqconsult.com\/fr\/partenaires\/#primaryimage\",\"url\":\"https:\/\/mqteste1.azurewebsites.net\/wp\/wp-content\/uploads\/2022\/02\/divisor.png\",\"contentUrl\":\"https:\/\/mqteste1.azurewebsites.net\/wp\/wp-content\/uploads\/2022\/02\/divisor.png\"},{\"@type\":\"BreadcrumbList\",\"@id\":\"https:\/\/marqconsult.com\/fr\/partenaires\/#breadcrumb\",\"itemListElement\":[{\"@type\":\"ListItem\",\"position\":1,\"name\":\"In\u00edcio\",\"item\":\"https:\/\/marqconsult.com\/\"},{\"@type\":\"ListItem\",\"position\":2,\"name\":\"Partenaires\"}]},{\"@type\":\"WebSite\",\"@id\":\"https:\/\/marqconsult.com\/#website\",\"url\":\"https:\/\/marqconsult.com\/\",\"name\":\"marQ Consult\",\"description\":\"Transforma\u00e7\u00e3o pela Confian\u00e7a - Gest\u00e3o Empresarial\",\"potentialAction\":[{\"@type\":\"SearchAction\",\"target\":{\"@type\":\"EntryPoint\",\"urlTemplate\":\"https:\/\/marqconsult.com\/?s={search_term_string}\"},\"query-input\":{\"@type\":\"PropertyValueSpecification\",\"valueRequired\":true,\"valueName\":\"search_term_string\"}}],\"inLanguage\":\"fr-FR\"}]}<\/script>\n<!-- \/ Yoast SEO plugin. -->","yoast_head_json":{"title":"Partenaires - marQ Consult","robots":{"index":"index","follow":"follow","max-snippet":"max-snippet:-1","max-image-preview":"max-image-preview:large","max-video-preview":"max-video-preview:-1"},"canonical":"https:\/\/marqconsult.com\/fr\/partenaires\/","og_locale":"fr_FR","og_type":"article","og_title":"Partenaires - marQ Consult","og_description":"En France A l\u2019international","og_url":"https:\/\/marqconsult.com\/fr\/partenaires\/","og_site_name":"marQ Consult","article_modified_time":"2022-09-01T14:42:42+00:00","og_image":[{"url":"https:\/\/mqteste1.azurewebsites.net\/wp\/wp-content\/uploads\/2022\/02\/divisor.png","type":"","width":"","height":""}],"twitter_card":"summary_large_image","schema":{"@context":"https:\/\/schema.org","@graph":[{"@type":"WebPage","@id":"https:\/\/marqconsult.com\/fr\/partenaires\/","url":"https:\/\/marqconsult.com\/fr\/partenaires\/","name":"Partenaires - marQ Consult","isPartOf":{"@id":"https:\/\/marqconsult.com\/#website"},"primaryImageOfPage":{"@id":"https:\/\/marqconsult.com\/fr\/partenaires\/#primaryimage"},"image":{"@id":"https:\/\/marqconsult.com\/fr\/partenaires\/#primaryimage"},"thumbnailUrl":"https:\/\/mqteste1.azurewebsites.net\/wp\/wp-content\/uploads\/2022\/02\/divisor.png","datePublished":"2022-04-19T20:10:02+00:00","dateModified":"2022-09-01T14:42:42+00:00","breadcrumb":{"@id":"https:\/\/marqconsult.com\/fr\/partenaires\/#breadcrumb"},"inLanguage":"fr-FR","potentialAction":[{"@type":"ReadAction","target":["https:\/\/marqconsult.com\/fr\/partenaires\/"]}]},{"@type":"ImageObject","inLanguage":"fr-FR","@id":"https:\/\/marqconsult.com\/fr\/partenaires\/#primaryimage","url":"https:\/\/mqteste1.azurewebsites.net\/wp\/wp-content\/uploads\/2022\/02\/divisor.png","contentUrl":"https:\/\/mqteste1.azurewebsites.net\/wp\/wp-content\/uploads\/2022\/02\/divisor.png"},{"@type":"BreadcrumbList","@id":"https:\/\/marqconsult.com\/fr\/partenaires\/#breadcrumb","itemListElement":[{"@type":"ListItem","position":1,"name":"In\u00edcio","item":"https:\/\/marqconsult.com\/"},{"@type":"ListItem","position":2,"name":"Partenaires"}]},{"@type":"WebSite","@id":"https:\/\/marqconsult.com\/#website","url":"https:\/\/marqconsult.com\/","name":"marQ Consult","description":"Transforma\u00e7\u00e3o pela Confian\u00e7a - Gest\u00e3o Empresarial","potentialAction":[{"@type":"SearchAction","target":{"@type":"EntryPoint","urlTemplate":"https:\/\/marqconsult.com\/?s={search_term_string}"},"query-input":{"@type":"PropertyValueSpecification","valueRequired":true,"valueName":"search_term_string"}}],"inLanguage":"fr-FR"}]}},"_links":{"self":[{"href":"https:\/\/marqconsult.com\/fr\/wp-json\/wp\/v2\/pages\/1858\/"}],"collection":[{"href":"https:\/\/marqconsult.com\/fr\/wp-json\/wp\/v2\/pages\/"}],"about":[{"href":"https:\/\/marqconsult.com\/fr\/wp-json\/wp\/v2\/types\/page\/"}],"author":[{"embeddable":true,"href":"https:\/\/marqconsult.com\/fr\/wp-json\/wp\/v2\/users\/1\/"}],"replies":[{"embeddable":true,"href":"https:\/\/marqconsult.com\/fr\/wp-json\/wp\/v2\/comments\/?post=1858"}],"version-history":[{"count":5,"href":"https:\/\/marqconsult.com\/fr\/wp-json\/wp\/v2\/pages\/1858\/revisions\/"}],"predecessor-version":[{"id":2301,"href":"https:\/\/marqconsult.com\/fr\/wp-json\/wp\/v2\/pages\/1858\/revisions\/2301\/"}],"wp:attachment":[{"href":"https:\/\/marqconsult.com\/fr\/wp-json\/wp\/v2\/media\/?parent=1858"}],"curies":[{"name":"wp","href":"https:\/\/api.w.org\/{rel}","templated":true}]}}