{"id":2038,"date":"2022-04-21T15:22:48","date_gmt":"2022-04-21T18:22:48","guid":{"rendered":"https:\/\/mqteste1.azurewebsites.net\/wp\/?page_id=2038"},"modified":"2022-09-01T11:42:37","modified_gmt":"2022-09-01T14:42:37","slug":"management-des-processus","status":"publish","type":"page","link":"https:\/\/marqconsult.com\/fr\/services\/management-des-processus\/","title":{"rendered":"Management des Processus"},"content":{"rendered":"\t\t<div data-elementor-type=\"wp-page\" data-elementor-id=\"2038\" class=\"elementor elementor-2038\">\n\t\t\t\t\t\t<section class=\"elementor-section elementor-top-section elementor-element elementor-element-23eb075 elementor-section-stretched elementor-section-boxed elementor-section-height-default elementor-section-height-default\" data-id=\"23eb075\" data-element_type=\"section\" data-settings=\"{&quot;stretch_section&quot;:&quot;section-stretched&quot;,&quot;background_background&quot;:&quot;classic&quot;}\">\n\t\t\t\t\t\t<div class=\"elementor-container elementor-column-gap-wider\">\n\t\t\t\t\t<div class=\"elementor-column elementor-col-100 elementor-top-column elementor-element elementor-element-d0e3f60\" data-id=\"d0e3f60\" data-element_type=\"column\">\n\t\t\t<div class=\"elementor-widget-wrap elementor-element-populated\">\n\t\t\t\t\t\t<section class=\"elementor-section elementor-inner-section elementor-element elementor-element-8101792 elementor-section-boxed elementor-section-height-default elementor-section-height-default\" data-id=\"8101792\" data-element_type=\"section\">\n\t\t\t\t\t\t<div class=\"elementor-container elementor-column-gap-wide\">\n\t\t\t\t\t<div class=\"elementor-column elementor-col-50 elementor-inner-column elementor-element elementor-element-a82e75f\" data-id=\"a82e75f\" data-element_type=\"column\">\n\t\t\t<div class=\"elementor-widget-wrap elementor-element-populated\">\n\t\t\t\t\t\t<div class=\"elementor-element elementor-element-c48d89b elementor-widget elementor-widget-image\" data-id=\"c48d89b\" data-element_type=\"widget\" data-widget_type=\"image.default\">\n\t\t\t\t<div class=\"elementor-widget-container\">\n\t\t\t\t\t\t\t\t\t\t\t\t\t\t\t<img fetchpriority=\"high\" decoding=\"async\" width=\"1000\" height=\"667\" src=\"https:\/\/marqconsult.com\/wp-content\/uploads\/2022\/04\/capa-management-des-processus.jpg\" class=\"attachment-large size-large wp-image-2041\" alt=\"\" srcset=\"https:\/\/marqconsult.com\/wp-content\/uploads\/2022\/04\/capa-management-des-processus.jpg 1000w, https:\/\/marqconsult.com\/wp-content\/uploads\/2022\/04\/capa-management-des-processus-300x200.jpg 300w, https:\/\/marqconsult.com\/wp-content\/uploads\/2022\/04\/capa-management-des-processus-768x512.jpg 768w, https:\/\/marqconsult.com\/wp-content\/uploads\/2022\/04\/capa-management-des-processus-219x146.jpg 219w, https:\/\/marqconsult.com\/wp-content\/uploads\/2022\/04\/capa-management-des-processus-50x33.jpg 50w, https:\/\/marqconsult.com\/wp-content\/uploads\/2022\/04\/capa-management-des-processus-112x75.jpg 112w\" sizes=\"(max-width: 1000px) 100vw, 1000px\" \/>\t\t\t\t\t\t\t\t\t\t\t\t\t\t\t<\/div>\n\t\t\t\t<\/div>\n\t\t\t\t\t<\/div>\n\t\t<\/div>\n\t\t\t\t<div class=\"elementor-column elementor-col-50 elementor-inner-column elementor-element elementor-element-168e337\" data-id=\"168e337\" data-element_type=\"column\">\n\t\t\t<div class=\"elementor-widget-wrap elementor-element-populated\">\n\t\t\t\t\t\t<div class=\"elementor-element elementor-element-7776bb0 elementor-widget elementor-widget-text-editor\" data-id=\"7776bb0\" data-element_type=\"widget\" data-widget_type=\"text-editor.default\">\n\t\t\t\t<div class=\"elementor-widget-container\">\n\t\t\t\t\t\t\t\t\t<p>Cabinet de conseil de gestion des processus d\u2019affaires <br \/>(BPM \u2013 Business Process Management):<\/p><ul><li>Am\u00e9lioration des processus et de la relation avec le client<\/li><li>Structuration des syst\u00e8mes de gestion et processus m\u00e9tiers<\/li><li>Accompagnement et support \u00e0 l\u2019am\u00e9lioration continue des processus<\/li><\/ul>\t\t\t\t\t\t\t\t<\/div>\n\t\t\t\t<\/div>\n\t\t\t\t\t<\/div>\n\t\t<\/div>\n\t\t\t\t\t<\/div>\n\t\t<\/section>\n\t\t\t\t\t<\/div>\n\t\t<\/div>\n\t\t\t\t\t<\/div>\n\t\t<\/section>\n\t\t\t\t<\/div>\n\t\t","protected":false},"excerpt":{"rendered":"<p>Cabinet de conseil de gestion des processus d\u2019affaires (BPM \u2013 Business Process Management): Am\u00e9lioration des processus et de la relation avec le client Structuration des syst\u00e8mes<span class=\"excerpt-hellip\"> [\u2026]<\/span><\/p>\n","protected":false},"author":1,"featured_media":0,"parent":1628,"menu_order":0,"comment_status":"closed","ping_status":"closed","template":"","meta":{"footnotes":""},"class_list":["post-2038","page","type-page","status-publish","hentry"],"yoast_head":"<!-- This site is optimized with the Yoast SEO plugin v25.7 - https:\/\/yoast.com\/wordpress\/plugins\/seo\/ -->\n<title>Management des Processus - marQ Consult<\/title>\n<meta name=\"robots\" content=\"index, follow, max-snippet:-1, max-image-preview:large, max-video-preview:-1\" \/>\n<link rel=\"canonical\" href=\"https:\/\/marqconsult.com\/fr\/services\/management-des-processus\/\" \/>\n<meta property=\"og:locale\" content=\"fr_FR\" \/>\n<meta property=\"og:type\" content=\"article\" \/>\n<meta property=\"og:title\" content=\"Management des Processus - marQ Consult\" \/>\n<meta property=\"og:description\" content=\"Cabinet de conseil de gestion des processus d\u2019affaires (BPM \u2013 Business Process Management): Am\u00e9lioration des processus et de la relation avec le client Structuration des syst\u00e8mes [\u2026]\" \/>\n<meta property=\"og:url\" content=\"https:\/\/marqconsult.com\/fr\/services\/management-des-processus\/\" \/>\n<meta property=\"og:site_name\" content=\"marQ Consult\" \/>\n<meta property=\"article:modified_time\" content=\"2022-09-01T14:42:37+00:00\" \/>\n<meta property=\"og:image\" content=\"http:\/\/marqconsult.com\/wp-content\/uploads\/2022\/04\/capa-management-des-processus.jpg\" \/>\n<meta name=\"twitter:card\" content=\"summary_large_image\" \/>\n<script type=\"application\/ld+json\" class=\"yoast-schema-graph\">{\"@context\":\"https:\/\/schema.org\",\"@graph\":[{\"@type\":\"WebPage\",\"@id\":\"https:\/\/marqconsult.com\/fr\/services\/management-des-processus\/\",\"url\":\"https:\/\/marqconsult.com\/fr\/services\/management-des-processus\/\",\"name\":\"Management des Processus - marQ Consult\",\"isPartOf\":{\"@id\":\"https:\/\/marqconsult.com\/#website\"},\"primaryImageOfPage\":{\"@id\":\"https:\/\/marqconsult.com\/fr\/services\/management-des-processus\/#primaryimage\"},\"image\":{\"@id\":\"https:\/\/marqconsult.com\/fr\/services\/management-des-processus\/#primaryimage\"},\"thumbnailUrl\":\"http:\/\/marqconsult.com\/wp-content\/uploads\/2022\/04\/capa-management-des-processus.jpg\",\"datePublished\":\"2022-04-21T18:22:48+00:00\",\"dateModified\":\"2022-09-01T14:42:37+00:00\",\"breadcrumb\":{\"@id\":\"https:\/\/marqconsult.com\/fr\/services\/management-des-processus\/#breadcrumb\"},\"inLanguage\":\"fr-FR\",\"potentialAction\":[{\"@type\":\"ReadAction\",\"target\":[\"https:\/\/marqconsult.com\/fr\/services\/management-des-processus\/\"]}]},{\"@type\":\"ImageObject\",\"inLanguage\":\"fr-FR\",\"@id\":\"https:\/\/marqconsult.com\/fr\/services\/management-des-processus\/#primaryimage\",\"url\":\"http:\/\/marqconsult.com\/wp-content\/uploads\/2022\/04\/capa-management-des-processus.jpg\",\"contentUrl\":\"http:\/\/marqconsult.com\/wp-content\/uploads\/2022\/04\/capa-management-des-processus.jpg\"},{\"@type\":\"BreadcrumbList\",\"@id\":\"https:\/\/marqconsult.com\/fr\/services\/management-des-processus\/#breadcrumb\",\"itemListElement\":[{\"@type\":\"ListItem\",\"position\":1,\"name\":\"In\u00edcio\",\"item\":\"https:\/\/marqconsult.com\/\"},{\"@type\":\"ListItem\",\"position\":2,\"name\":\"Nos Services\",\"item\":\"https:\/\/marqconsult.com\/servicos\/\"},{\"@type\":\"ListItem\",\"position\":3,\"name\":\"Management des Processus\"}]},{\"@type\":\"WebSite\",\"@id\":\"https:\/\/marqconsult.com\/#website\",\"url\":\"https:\/\/marqconsult.com\/\",\"name\":\"marQ Consult\",\"description\":\"Transforma\u00e7\u00e3o pela Confian\u00e7a - Gest\u00e3o Empresarial\",\"potentialAction\":[{\"@type\":\"SearchAction\",\"target\":{\"@type\":\"EntryPoint\",\"urlTemplate\":\"https:\/\/marqconsult.com\/?s={search_term_string}\"},\"query-input\":{\"@type\":\"PropertyValueSpecification\",\"valueRequired\":true,\"valueName\":\"search_term_string\"}}],\"inLanguage\":\"fr-FR\"}]}<\/script>\n<!-- \/ Yoast SEO plugin. -->","yoast_head_json":{"title":"Management des Processus - marQ Consult","robots":{"index":"index","follow":"follow","max-snippet":"max-snippet:-1","max-image-preview":"max-image-preview:large","max-video-preview":"max-video-preview:-1"},"canonical":"https:\/\/marqconsult.com\/fr\/services\/management-des-processus\/","og_locale":"fr_FR","og_type":"article","og_title":"Management des Processus - marQ Consult","og_description":"Cabinet de conseil de gestion des processus d\u2019affaires (BPM \u2013 Business Process Management): Am\u00e9lioration des processus et de la relation avec le client Structuration des syst\u00e8mes [\u2026]","og_url":"https:\/\/marqconsult.com\/fr\/services\/management-des-processus\/","og_site_name":"marQ Consult","article_modified_time":"2022-09-01T14:42:37+00:00","og_image":[{"url":"http:\/\/marqconsult.com\/wp-content\/uploads\/2022\/04\/capa-management-des-processus.jpg","type":"","width":"","height":""}],"twitter_card":"summary_large_image","schema":{"@context":"https:\/\/schema.org","@graph":[{"@type":"WebPage","@id":"https:\/\/marqconsult.com\/fr\/services\/management-des-processus\/","url":"https:\/\/marqconsult.com\/fr\/services\/management-des-processus\/","name":"Management des Processus - marQ Consult","isPartOf":{"@id":"https:\/\/marqconsult.com\/#website"},"primaryImageOfPage":{"@id":"https:\/\/marqconsult.com\/fr\/services\/management-des-processus\/#primaryimage"},"image":{"@id":"https:\/\/marqconsult.com\/fr\/services\/management-des-processus\/#primaryimage"},"thumbnailUrl":"http:\/\/marqconsult.com\/wp-content\/uploads\/2022\/04\/capa-management-des-processus.jpg","datePublished":"2022-04-21T18:22:48+00:00","dateModified":"2022-09-01T14:42:37+00:00","breadcrumb":{"@id":"https:\/\/marqconsult.com\/fr\/services\/management-des-processus\/#breadcrumb"},"inLanguage":"fr-FR","potentialAction":[{"@type":"ReadAction","target":["https:\/\/marqconsult.com\/fr\/services\/management-des-processus\/"]}]},{"@type":"ImageObject","inLanguage":"fr-FR","@id":"https:\/\/marqconsult.com\/fr\/services\/management-des-processus\/#primaryimage","url":"http:\/\/marqconsult.com\/wp-content\/uploads\/2022\/04\/capa-management-des-processus.jpg","contentUrl":"http:\/\/marqconsult.com\/wp-content\/uploads\/2022\/04\/capa-management-des-processus.jpg"},{"@type":"BreadcrumbList","@id":"https:\/\/marqconsult.com\/fr\/services\/management-des-processus\/#breadcrumb","itemListElement":[{"@type":"ListItem","position":1,"name":"In\u00edcio","item":"https:\/\/marqconsult.com\/"},{"@type":"ListItem","position":2,"name":"Nos Services","item":"https:\/\/marqconsult.com\/servicos\/"},{"@type":"ListItem","position":3,"name":"Management des Processus"}]},{"@type":"WebSite","@id":"https:\/\/marqconsult.com\/#website","url":"https:\/\/marqconsult.com\/","name":"marQ Consult","description":"Transforma\u00e7\u00e3o pela Confian\u00e7a - Gest\u00e3o Empresarial","potentialAction":[{"@type":"SearchAction","target":{"@type":"EntryPoint","urlTemplate":"https:\/\/marqconsult.com\/?s={search_term_string}"},"query-input":{"@type":"PropertyValueSpecification","valueRequired":true,"valueName":"search_term_string"}}],"inLanguage":"fr-FR"}]}},"_links":{"self":[{"href":"https:\/\/marqconsult.com\/fr\/wp-json\/wp\/v2\/pages\/2038\/"}],"collection":[{"href":"https:\/\/marqconsult.com\/fr\/wp-json\/wp\/v2\/pages\/"}],"about":[{"href":"https:\/\/marqconsult.com\/fr\/wp-json\/wp\/v2\/types\/page\/"}],"author":[{"embeddable":true,"href":"https:\/\/marqconsult.com\/fr\/wp-json\/wp\/v2\/users\/1\/"}],"replies":[{"embeddable":true,"href":"https:\/\/marqconsult.com\/fr\/wp-json\/wp\/v2\/comments\/?post=2038"}],"version-history":[{"count":8,"href":"https:\/\/marqconsult.com\/fr\/wp-json\/wp\/v2\/pages\/2038\/revisions\/"}],"predecessor-version":[{"id":2772,"href":"https:\/\/marqconsult.com\/fr\/wp-json\/wp\/v2\/pages\/2038\/revisions\/2772\/"}],"up":[{"embeddable":true,"href":"https:\/\/marqconsult.com\/fr\/wp-json\/wp\/v2\/pages\/1628\/"}],"wp:attachment":[{"href":"https:\/\/marqconsult.com\/fr\/wp-json\/wp\/v2\/media\/?parent=2038"}],"curies":[{"name":"wp","href":"https:\/\/api.w.org\/{rel}","templated":true}]}}