{"id":2966,"date":"2023-07-20T17:06:56","date_gmt":"2023-07-20T20:06:56","guid":{"rendered":"https:\/\/marqconsult.com\/?page_id=2966"},"modified":"2023-07-20T17:39:57","modified_gmt":"2023-07-20T20:39:57","slug":"gestion-dentreprise","status":"publish","type":"page","link":"https:\/\/marqconsult.com\/fr\/services\/gestion-dentreprise\/","title":{"rendered":"Gestion d\u2019entreprise"},"content":{"rendered":"\t\t<div data-elementor-type=\"wp-page\" data-elementor-id=\"2966\" class=\"elementor elementor-2966\">\n\t\t\t\t\t\t<section class=\"elementor-section elementor-top-section elementor-element elementor-element-83a4cb3 elementor-section-stretched elementor-section-full_width elementor-section-height-default elementor-section-height-default\" data-id=\"83a4cb3\" data-element_type=\"section\" data-settings=\"{&quot;stretch_section&quot;:&quot;section-stretched&quot;,&quot;background_background&quot;:&quot;classic&quot;}\">\n\t\t\t\t\t\t\t<div class=\"elementor-background-overlay\"><\/div>\n\t\t\t\t\t\t\t<div class=\"elementor-container elementor-column-gap-wider\">\n\t\t\t\t\t<div class=\"elementor-column elementor-col-100 elementor-top-column elementor-element elementor-element-0a10154\" data-id=\"0a10154\" data-element_type=\"column\">\n\t\t\t<div class=\"elementor-widget-wrap elementor-element-populated\">\n\t\t\t\t\t\t<section class=\"elementor-section elementor-inner-section elementor-element elementor-element-e372129 elementor-section-boxed elementor-section-height-default elementor-section-height-default\" data-id=\"e372129\" data-element_type=\"section\">\n\t\t\t\t\t\t<div class=\"elementor-container elementor-column-gap-default\">\n\t\t\t\t\t<div class=\"elementor-column elementor-col-100 elementor-inner-column elementor-element elementor-element-7ca8cd8\" data-id=\"7ca8cd8\" data-element_type=\"column\">\n\t\t\t<div class=\"elementor-widget-wrap elementor-element-populated\">\n\t\t\t\t\t\t<div class=\"elementor-element elementor-element-49014e4 elementor-widget elementor-widget-text-editor\" data-id=\"49014e4\" data-element_type=\"widget\" data-widget_type=\"text-editor.default\">\n\t\t\t\t<div class=\"elementor-widget-container\">\n\t\t\t\t\t\t\t\t\t<p>Conseil pour la Certification du Syst\u00e8me de Management<\/p>\t\t\t\t\t\t\t\t<\/div>\n\t\t\t\t<\/div>\n\t\t\t\t<div class=\"elementor-element elementor-element-94d3053 elementor-widget elementor-widget-image\" data-id=\"94d3053\" data-element_type=\"widget\" data-widget_type=\"image.default\">\n\t\t\t\t<div class=\"elementor-widget-container\">\n\t\t\t\t\t\t\t\t\t\t\t\t\t\t\t<img decoding=\"async\" width=\"26\" height=\"8\" src=\"https:\/\/marqconsult.com\/wp-content\/uploads\/2022\/02\/divisor.png\" class=\"attachment-large size-large wp-image-763\" alt=\"\" \/>\t\t\t\t\t\t\t\t\t\t\t\t\t\t\t<\/div>\n\t\t\t\t<\/div>\n\t\t\t\t\t<\/div>\n\t\t<\/div>\n\t\t\t\t\t<\/div>\n\t\t<\/section>\n\t\t\t\t\t<\/div>\n\t\t<\/div>\n\t\t\t\t\t<\/div>\n\t\t<\/section>\n\t\t\t\t<section class=\"elementor-section elementor-top-section elementor-element elementor-element-d05d597 elementor-section-stretched elementor-section-boxed elementor-section-height-default elementor-section-height-default\" data-id=\"d05d597\" data-element_type=\"section\" data-settings=\"{&quot;stretch_section&quot;:&quot;section-stretched&quot;,&quot;background_background&quot;:&quot;classic&quot;}\">\n\t\t\t\t\t\t<div class=\"elementor-container elementor-column-gap-wider\">\n\t\t\t\t\t<div class=\"elementor-column elementor-col-100 elementor-top-column elementor-element elementor-element-76ddf03\" data-id=\"76ddf03\" data-element_type=\"column\">\n\t\t\t<div class=\"elementor-widget-wrap elementor-element-populated\">\n\t\t\t\t\t\t<section class=\"elementor-section elementor-inner-section elementor-element elementor-element-02317eb elementor-section-boxed elementor-section-height-default elementor-section-height-default\" data-id=\"02317eb\" data-element_type=\"section\">\n\t\t\t\t\t\t<div class=\"elementor-container elementor-column-gap-wide\">\n\t\t\t\t\t<div class=\"elementor-column elementor-col-50 elementor-inner-column elementor-element elementor-element-e64230e\" data-id=\"e64230e\" data-element_type=\"column\">\n\t\t\t<div class=\"elementor-widget-wrap elementor-element-populated\">\n\t\t\t\t\t\t<div class=\"elementor-element elementor-element-35506ab elementor-widget elementor-widget-image\" data-id=\"35506ab\" data-element_type=\"widget\" data-widget_type=\"image.default\">\n\t\t\t\t<div class=\"elementor-widget-container\">\n\t\t\t\t\t\t\t\t\t\t\t\t\t\t\t<img fetchpriority=\"high\" decoding=\"async\" width=\"1000\" height=\"667\" src=\"https:\/\/marqconsult.com\/wp-content\/uploads\/2022\/02\/capa-consultoriapara-certificacao.jpg\" class=\"attachment-large size-large wp-image-1049\" alt=\"\" srcset=\"https:\/\/marqconsult.com\/wp-content\/uploads\/2022\/02\/capa-consultoriapara-certificacao.jpg 1000w, https:\/\/marqconsult.com\/wp-content\/uploads\/2022\/02\/capa-consultoriapara-certificacao-300x200.jpg 300w, https:\/\/marqconsult.com\/wp-content\/uploads\/2022\/02\/capa-consultoriapara-certificacao-768x512.jpg 768w, https:\/\/marqconsult.com\/wp-content\/uploads\/2022\/02\/capa-consultoriapara-certificacao-219x146.jpg 219w, https:\/\/marqconsult.com\/wp-content\/uploads\/2022\/02\/capa-consultoriapara-certificacao-50x33.jpg 50w, https:\/\/marqconsult.com\/wp-content\/uploads\/2022\/02\/capa-consultoriapara-certificacao-112x75.jpg 112w\" sizes=\"(max-width: 1000px) 100vw, 1000px\" \/>\t\t\t\t\t\t\t\t\t\t\t\t\t\t\t<\/div>\n\t\t\t\t<\/div>\n\t\t\t\t\t<\/div>\n\t\t<\/div>\n\t\t\t\t<div class=\"elementor-column elementor-col-50 elementor-inner-column elementor-element elementor-element-b1e82fc\" data-id=\"b1e82fc\" data-element_type=\"column\">\n\t\t\t<div class=\"elementor-widget-wrap elementor-element-populated\">\n\t\t\t\t\t\t<div class=\"elementor-element elementor-element-ddacf9b elementor-widget elementor-widget-text-editor\" data-id=\"ddacf9b\" data-element_type=\"widget\" data-widget_type=\"text-editor.default\">\n\t\t\t\t<div class=\"elementor-widget-container\">\n\t\t\t\t\t\t\t\t\t<p>Toujours \u00e0 la poursuite de l\u2019excellence, les entreprises recherchent la standardisation dans la fprestation de services et de produits.<br \/><br \/>L\u2019objectif de la mise en \u0153uvre d\u2019un syst\u00e8me de gestion est d\u2019assurer d atteinte des r\u00e9sultats souhait\u00e9s par l\u2019organisation en termes de qualit\u00e9, d\u2019environnement, de sant\u00e9 et de s\u00e9curit\u00e9, de cha\u00eene de contr\u00f4le, entre autres, en d\u00e9finissant des politiques, des objectifs, des proc\u00e9dures et des processus de gestion conform\u00e9ment aux r\u00e8gles pr\u00e9vues dans les normes applicables.<br \/><br \/>En collaboration avec le client, gr\u00e2ce \u00e0 notre propre m\u00e9thodologie, nous personnalisons un syst\u00e8me qui r\u00e9pond aux besoins sp\u00e9cifiques pour s\u2019adapter aux normes applicables, en nous concentrant sur l\u2019entreprise et les exigences pr\u00e9vues. Nous garantissons l\u2019obtention des certifications dans les d\u00e9lais contractuels.<\/p>\t\t\t\t\t\t\t\t<\/div>\n\t\t\t\t<\/div>\n\t\t\t\t\t<\/div>\n\t\t<\/div>\n\t\t\t\t\t<\/div>\n\t\t<\/section>\n\t\t\t\t<section class=\"elementor-section elementor-inner-section elementor-element elementor-element-2594312 elementor-section-boxed elementor-section-height-default elementor-section-height-default\" data-id=\"2594312\" data-element_type=\"section\" data-settings=\"{&quot;background_background&quot;:&quot;classic&quot;}\">\n\t\t\t\t\t\t<div class=\"elementor-container elementor-column-gap-default\">\n\t\t\t\t\t<div class=\"elementor-column elementor-col-50 elementor-inner-column elementor-element elementor-element-99a4f53\" data-id=\"99a4f53\" data-element_type=\"column\">\n\t\t\t<div class=\"elementor-widget-wrap elementor-element-populated\">\n\t\t\t\t\t\t<div class=\"elementor-element elementor-element-30494e8 elementor-widget elementor-widget-text-editor\" data-id=\"30494e8\" data-element_type=\"widget\" data-widget_type=\"text-editor.default\">\n\t\t\t\t<div class=\"elementor-widget-container\">\n\t\t\t\t\t\t\t\t\t<p><strong>Qualit\u00e9<br \/><\/strong>ISO 9001 : Management de la Qualit\u00e9<br \/>ISO 19011: M\u00e9thodologie d\u2019audit<br \/>ISO 27001 : S\u00e9curit\u00e9 des syst\u00e8mes d\u2019information<br \/>PBQP : Qualit\u00e9 en Construction civile<br \/>IATF 16949 : Automobile<br \/>EN 9100 : A\u00e9ronautique<br \/>ISO 13485 : Dispositifs m\u00e9dicaux<br \/>ISO 22301 : Continuit\u00e9\u00a0 d\u2019activit\u00e9<\/p>\t\t\t\t\t\t\t\t<\/div>\n\t\t\t\t<\/div>\n\t\t\t\t\t<\/div>\n\t\t<\/div>\n\t\t\t\t<div class=\"elementor-column elementor-col-50 elementor-inner-column elementor-element elementor-element-270f9a6\" data-id=\"270f9a6\" data-element_type=\"column\">\n\t\t\t<div class=\"elementor-widget-wrap elementor-element-populated\">\n\t\t\t\t\t\t<div class=\"elementor-element elementor-element-0a53e67 elementor-widget elementor-widget-text-editor\" data-id=\"0a53e67\" data-element_type=\"widget\" data-widget_type=\"text-editor.default\">\n\t\t\t\t<div class=\"elementor-widget-container\">\n\t\t\t\t\t\t\t\t\t<p><strong>Environnement Energie S\u00e9curit\u00e9 Sant\u00e9 au travail<br \/><\/strong>ISO 14001 : environnement<br \/>ISO 50001 : \u00e9nergie<br \/>ISO 45001\u00a0\u00a0 : S\u00e9curit\u00e9 Sant\u00e9 au travail<br \/>SA 8000 et NBR 16001\u00a0 : responsabilit\u00e9 Soci\u00e9tale et Ambiance de travail<br \/>ISO 26000 : Responsabilit\u00e9 Soci\u00e9tale<br \/>ISO 22000 : S\u00e9curit\u00e9 des aliments<br \/>NBR 14790 : Chaine de tra\u00e7abilit\u00e9 CERFLOR<br \/>FSC: Chaine de tra\u00e7abilit\u00e9<\/p>\t\t\t\t\t\t\t\t<\/div>\n\t\t\t\t<\/div>\n\t\t\t\t\t<\/div>\n\t\t<\/div>\n\t\t\t\t\t<\/div>\n\t\t<\/section>\n\t\t\t\t\t<\/div>\n\t\t<\/div>\n\t\t\t\t\t<\/div>\n\t\t<\/section>\n\t\t\t\t<section class=\"elementor-section elementor-top-section elementor-element elementor-element-ac4d325 elementor-section-stretched elementor-section-boxed elementor-section-height-default elementor-section-height-default\" data-id=\"ac4d325\" data-element_type=\"section\" data-settings=\"{&quot;stretch_section&quot;:&quot;section-stretched&quot;,&quot;background_background&quot;:&quot;classic&quot;}\">\n\t\t\t\t\t\t<div class=\"elementor-container elementor-column-gap-wider\">\n\t\t\t\t\t<div class=\"elementor-column elementor-col-100 elementor-top-column elementor-element elementor-element-a10318f\" data-id=\"a10318f\" data-element_type=\"column\">\n\t\t\t<div class=\"elementor-widget-wrap elementor-element-populated\">\n\t\t\t\t\t\t<section class=\"elementor-section elementor-inner-section elementor-element elementor-element-805b83b elementor-section-boxed elementor-section-height-default elementor-section-height-default\" data-id=\"805b83b\" data-element_type=\"section\">\n\t\t\t\t\t\t<div class=\"elementor-container elementor-column-gap-default\">\n\t\t\t\t\t<div class=\"elementor-column elementor-col-100 elementor-inner-column elementor-element elementor-element-5c215f1\" data-id=\"5c215f1\" data-element_type=\"column\">\n\t\t\t<div class=\"elementor-widget-wrap elementor-element-populated\">\n\t\t\t\t\t\t<div class=\"elementor-element elementor-element-ca35319 elementor-widget elementor-widget-text-editor\" data-id=\"ca35319\" data-element_type=\"widget\" data-widget_type=\"text-editor.default\">\n\t\t\t\t<div class=\"elementor-widget-container\">\n\t\t\t\t\t\t\t\t\t<p>Syst\u00e8me int\u00e9gr\u00e9<\/p>\t\t\t\t\t\t\t\t<\/div>\n\t\t\t\t<\/div>\n\t\t\t\t<div class=\"elementor-element elementor-element-d70db12 elementor-widget elementor-widget-image\" data-id=\"d70db12\" data-element_type=\"widget\" data-widget_type=\"image.default\">\n\t\t\t\t<div class=\"elementor-widget-container\">\n\t\t\t\t\t\t\t\t\t\t\t\t\t\t\t<img decoding=\"async\" width=\"26\" height=\"8\" src=\"https:\/\/marqconsult.com\/wp-content\/uploads\/2022\/02\/divisor.png\" class=\"attachment-large size-large wp-image-763\" alt=\"\" \/>\t\t\t\t\t\t\t\t\t\t\t\t\t\t\t<\/div>\n\t\t\t\t<\/div>\n\t\t\t\t\t<\/div>\n\t\t<\/div>\n\t\t\t\t\t<\/div>\n\t\t<\/section>\n\t\t\t\t<section class=\"elementor-section elementor-inner-section elementor-element elementor-element-ea07366 elementor-section-boxed elementor-section-height-default elementor-section-height-default\" data-id=\"ea07366\" data-element_type=\"section\">\n\t\t\t\t\t\t<div class=\"elementor-container elementor-column-gap-wide\">\n\t\t\t\t\t<div class=\"elementor-column elementor-col-50 elementor-inner-column elementor-element elementor-element-1203447\" data-id=\"1203447\" data-element_type=\"column\">\n\t\t\t<div class=\"elementor-widget-wrap elementor-element-populated\">\n\t\t\t\t\t\t<div class=\"elementor-element elementor-element-553a7dd elementor-widget elementor-widget-text-editor\" data-id=\"553a7dd\" data-element_type=\"widget\" data-widget_type=\"text-editor.default\">\n\t\t\t\t<div class=\"elementor-widget-container\">\n\t\t\t\t\t\t\t\t\t<p>En g\u00e9n\u00e9ral, les entreprises choisissent une norme pour leur premi\u00e8re certification, en fonction de leurs besoins d\u2019am\u00e9lioration de la qualit\u00e9, de la gestion environnementale ou de la sant\u00e9 et s\u00e9curit\u00e9 au travail. Apr\u00e8s un certain temps, ils d\u00e9cident de continuer \u00e0 pr\u00e9parer leur syst\u00e8me pour d\u2019autres certifications.<br \/><br \/>Dans ce travail, il est fr\u00e9quent que les entreprises ne prennent pas en compte l\u2019int\u00e9gration des syst\u00e8mes en pr\u00e9parant une documentation pour r\u00e9pondre \u00e0 chaque r\u00e9f\u00e9rentiel normatif certifi\u00e9.<br \/><br \/>Des activit\u00e9s telles que le contr\u00f4le des documents et des enregistrements de l\u2019audit interne, les actions correctives et pr\u00e9ventives, l\u2019analyse critique par la direction, etc., peuvent \u00eatre r\u00e9alis\u00e9es selon les m\u00eames routines. De petits ajustements dans la documentation suffisent pour que les exigences communes aux normes soient respect\u00e9es<\/p>\t\t\t\t\t\t\t\t<\/div>\n\t\t\t\t<\/div>\n\t\t\t\t\t<\/div>\n\t\t<\/div>\n\t\t\t\t<div class=\"elementor-column elementor-col-50 elementor-inner-column elementor-element elementor-element-fccac87\" data-id=\"fccac87\" data-element_type=\"column\">\n\t\t\t<div class=\"elementor-widget-wrap elementor-element-populated\">\n\t\t\t\t\t\t<div class=\"elementor-element elementor-element-c2c3ed3 elementor-widget elementor-widget-image\" data-id=\"c2c3ed3\" data-element_type=\"widget\" data-widget_type=\"image.default\">\n\t\t\t\t<div class=\"elementor-widget-container\">\n\t\t\t\t\t\t\t\t\t\t\t\t\t\t\t<img decoding=\"async\" width=\"1000\" height=\"667\" src=\"https:\/\/marqconsult.com\/wp-content\/uploads\/2022\/02\/capa-sistema-integrado.jpg\" class=\"attachment-large size-large wp-image-1050\" alt=\"\" srcset=\"https:\/\/marqconsult.com\/wp-content\/uploads\/2022\/02\/capa-sistema-integrado.jpg 1000w, https:\/\/marqconsult.com\/wp-content\/uploads\/2022\/02\/capa-sistema-integrado-300x200.jpg 300w, https:\/\/marqconsult.com\/wp-content\/uploads\/2022\/02\/capa-sistema-integrado-768x512.jpg 768w, https:\/\/marqconsult.com\/wp-content\/uploads\/2022\/02\/capa-sistema-integrado-219x146.jpg 219w, https:\/\/marqconsult.com\/wp-content\/uploads\/2022\/02\/capa-sistema-integrado-50x33.jpg 50w, https:\/\/marqconsult.com\/wp-content\/uploads\/2022\/02\/capa-sistema-integrado-112x75.jpg 112w\" sizes=\"(max-width: 1000px) 100vw, 1000px\" \/>\t\t\t\t\t\t\t\t\t\t\t\t\t\t\t<\/div>\n\t\t\t\t<\/div>\n\t\t\t\t\t<\/div>\n\t\t<\/div>\n\t\t\t\t\t<\/div>\n\t\t<\/section>\n\t\t\t\t<div class=\"elementor-element elementor-element-a13fdb8 elementor-widget elementor-widget-text-editor\" data-id=\"a13fdb8\" data-element_type=\"widget\" data-widget_type=\"text-editor.default\">\n\t\t\t\t<div class=\"elementor-widget-container\">\n\t\t\t\t\t\t\t\t\t<p>Pour que les entreprises disposent d\u2019un syst\u00e8me de gestion int\u00e9gr\u00e9, marQ propose une m\u00e9thodologie largement prouv\u00e9e, qui produit d\u2019excellents r\u00e9sultats en plus de d\u00e9lais et de co\u00fbts de mise en \u0153uvre r\u00e9duits.<br \/><br \/>Le syst\u00e8me de gestion int\u00e9gr\u00e9, lorsqu\u2019il est correctement mis en \u0153uvre et correctement entretenu, r\u00e9duit les co\u00fbts li\u00e9s aux audits externes, \u00e0 la bureaucratie, au temps consacr\u00e9 par les professionnels impliqu\u00e9s dans les processus et augmente la comp\u00e9titivit\u00e9 sur un march\u00e9 de plus en plus agressif.<\/p>\t\t\t\t\t\t\t\t<\/div>\n\t\t\t\t<\/div>\n\t\t\t\t\t<\/div>\n\t\t<\/div>\n\t\t\t\t\t<\/div>\n\t\t<\/section>\n\t\t\t\t<\/div>\n\t\t","protected":false},"excerpt":{"rendered":"<p>Conseil pour la Certification du Syst\u00e8me de Management Toujours \u00e0 la poursuite de l\u2019excellence, les entreprises recherchent la standardisation dans la fprestation de services et de<span class=\"excerpt-hellip\"> [\u2026]<\/span><\/p>\n","protected":false},"author":1,"featured_media":0,"parent":1628,"menu_order":0,"comment_status":"closed","ping_status":"closed","template":"","meta":{"footnotes":""},"class_list":["post-2966","page","type-page","status-publish","hentry"],"yoast_head":"<!-- This site is optimized with the Yoast SEO plugin v25.7 - https:\/\/yoast.com\/wordpress\/plugins\/seo\/ -->\n<title>Gestion d\u2019entreprise - marQ Consult<\/title>\n<meta name=\"robots\" content=\"index, follow, max-snippet:-1, max-image-preview:large, max-video-preview:-1\" \/>\n<link rel=\"canonical\" href=\"https:\/\/marqconsult.com\/fr\/servicos\/gestao-empresarial\/\" \/>\n<meta property=\"og:locale\" content=\"fr_FR\" \/>\n<meta property=\"og:type\" content=\"article\" \/>\n<meta property=\"og:title\" content=\"Gestion d\u2019entreprise - marQ Consult\" \/>\n<meta property=\"og:description\" content=\"Conseil pour la Certification du Syst\u00e8me de Management Toujours \u00e0 la poursuite de l\u2019excellence, les entreprises recherchent la standardisation dans la fprestation de services et de [\u2026]\" \/>\n<meta property=\"og:url\" content=\"https:\/\/marqconsult.com\/servicos\/gestao-empresarial\/\" \/>\n<meta property=\"og:site_name\" content=\"marQ Consult\" \/>\n<meta property=\"article:modified_time\" content=\"2023-07-20T20:39:57+00:00\" \/>\n<meta property=\"og:image\" content=\"http:\/\/marqconsult.com\/wp-content\/uploads\/2022\/02\/divisor.png\" \/>\n<meta name=\"twitter:card\" content=\"summary_large_image\" \/>\n<meta name=\"twitter:label1\" content=\"Dur\u00e9e de lecture estim\u00e9e\" \/>\n\t<meta name=\"twitter:data1\" content=\"2 minutes\" \/>\n<script type=\"application\/ld+json\" class=\"yoast-schema-graph\">{\"@context\":\"https:\/\/schema.org\",\"@graph\":[{\"@type\":\"WebPage\",\"@id\":\"https:\/\/marqconsult.com\/servicos\/gestao-empresarial\/\",\"url\":\"https:\/\/marqconsult.com\/servicos\/gestao-empresarial\/\",\"name\":\"Gestion d\u2019entreprise - marQ Consult\",\"isPartOf\":{\"@id\":\"https:\/\/marqconsult.com\/#website\"},\"primaryImageOfPage\":{\"@id\":\"https:\/\/marqconsult.com\/servicos\/gestao-empresarial\/#primaryimage\"},\"image\":{\"@id\":\"https:\/\/marqconsult.com\/servicos\/gestao-empresarial\/#primaryimage\"},\"thumbnailUrl\":\"http:\/\/marqconsult.com\/wp-content\/uploads\/2022\/02\/divisor.png\",\"datePublished\":\"2023-07-20T20:06:56+00:00\",\"dateModified\":\"2023-07-20T20:39:57+00:00\",\"breadcrumb\":{\"@id\":\"https:\/\/marqconsult.com\/servicos\/gestao-empresarial\/#breadcrumb\"},\"inLanguage\":\"fr-FR\",\"potentialAction\":[{\"@type\":\"ReadAction\",\"target\":[\"https:\/\/marqconsult.com\/servicos\/gestao-empresarial\/\"]}]},{\"@type\":\"ImageObject\",\"inLanguage\":\"fr-FR\",\"@id\":\"https:\/\/marqconsult.com\/servicos\/gestao-empresarial\/#primaryimage\",\"url\":\"http:\/\/marqconsult.com\/wp-content\/uploads\/2022\/02\/divisor.png\",\"contentUrl\":\"http:\/\/marqconsult.com\/wp-content\/uploads\/2022\/02\/divisor.png\"},{\"@type\":\"BreadcrumbList\",\"@id\":\"https:\/\/marqconsult.com\/servicos\/gestao-empresarial\/#breadcrumb\",\"itemListElement\":[{\"@type\":\"ListItem\",\"position\":1,\"name\":\"In\u00edcio\",\"item\":\"https:\/\/marqconsult.com\/\"},{\"@type\":\"ListItem\",\"position\":2,\"name\":\"Nos Services\",\"item\":\"https:\/\/marqconsult.com\/servicos\/\"},{\"@type\":\"ListItem\",\"position\":3,\"name\":\"Gestion d\u2019entreprise\"}]},{\"@type\":\"WebSite\",\"@id\":\"https:\/\/marqconsult.com\/#website\",\"url\":\"https:\/\/marqconsult.com\/\",\"name\":\"marQ Consult\",\"description\":\"Transforma\u00e7\u00e3o pela Confian\u00e7a - Gest\u00e3o Empresarial\",\"potentialAction\":[{\"@type\":\"SearchAction\",\"target\":{\"@type\":\"EntryPoint\",\"urlTemplate\":\"https:\/\/marqconsult.com\/?s={search_term_string}\"},\"query-input\":{\"@type\":\"PropertyValueSpecification\",\"valueRequired\":true,\"valueName\":\"search_term_string\"}}],\"inLanguage\":\"fr-FR\"}]}<\/script>\n<!-- \/ Yoast SEO plugin. -->","yoast_head_json":{"title":"Gestion d\u2019entreprise - marQ Consult","robots":{"index":"index","follow":"follow","max-snippet":"max-snippet:-1","max-image-preview":"max-image-preview:large","max-video-preview":"max-video-preview:-1"},"canonical":"https:\/\/marqconsult.com\/fr\/servicos\/gestao-empresarial\/","og_locale":"fr_FR","og_type":"article","og_title":"Gestion d\u2019entreprise - marQ Consult","og_description":"Conseil pour la Certification du Syst\u00e8me de Management Toujours \u00e0 la poursuite de l\u2019excellence, les entreprises recherchent la standardisation dans la fprestation de services et de [\u2026]","og_url":"https:\/\/marqconsult.com\/servicos\/gestao-empresarial\/","og_site_name":"marQ Consult","article_modified_time":"2023-07-20T20:39:57+00:00","og_image":[{"url":"http:\/\/marqconsult.com\/wp-content\/uploads\/2022\/02\/divisor.png","type":"","width":"","height":""}],"twitter_card":"summary_large_image","twitter_misc":{"Dur\u00e9e de lecture estim\u00e9e":"2 minutes"},"schema":{"@context":"https:\/\/schema.org","@graph":[{"@type":"WebPage","@id":"https:\/\/marqconsult.com\/servicos\/gestao-empresarial\/","url":"https:\/\/marqconsult.com\/servicos\/gestao-empresarial\/","name":"Gestion d\u2019entreprise - marQ Consult","isPartOf":{"@id":"https:\/\/marqconsult.com\/#website"},"primaryImageOfPage":{"@id":"https:\/\/marqconsult.com\/servicos\/gestao-empresarial\/#primaryimage"},"image":{"@id":"https:\/\/marqconsult.com\/servicos\/gestao-empresarial\/#primaryimage"},"thumbnailUrl":"http:\/\/marqconsult.com\/wp-content\/uploads\/2022\/02\/divisor.png","datePublished":"2023-07-20T20:06:56+00:00","dateModified":"2023-07-20T20:39:57+00:00","breadcrumb":{"@id":"https:\/\/marqconsult.com\/servicos\/gestao-empresarial\/#breadcrumb"},"inLanguage":"fr-FR","potentialAction":[{"@type":"ReadAction","target":["https:\/\/marqconsult.com\/servicos\/gestao-empresarial\/"]}]},{"@type":"ImageObject","inLanguage":"fr-FR","@id":"https:\/\/marqconsult.com\/servicos\/gestao-empresarial\/#primaryimage","url":"http:\/\/marqconsult.com\/wp-content\/uploads\/2022\/02\/divisor.png","contentUrl":"http:\/\/marqconsult.com\/wp-content\/uploads\/2022\/02\/divisor.png"},{"@type":"BreadcrumbList","@id":"https:\/\/marqconsult.com\/servicos\/gestao-empresarial\/#breadcrumb","itemListElement":[{"@type":"ListItem","position":1,"name":"In\u00edcio","item":"https:\/\/marqconsult.com\/"},{"@type":"ListItem","position":2,"name":"Nos Services","item":"https:\/\/marqconsult.com\/servicos\/"},{"@type":"ListItem","position":3,"name":"Gestion d\u2019entreprise"}]},{"@type":"WebSite","@id":"https:\/\/marqconsult.com\/#website","url":"https:\/\/marqconsult.com\/","name":"marQ Consult","description":"Transforma\u00e7\u00e3o pela Confian\u00e7a - Gest\u00e3o Empresarial","potentialAction":[{"@type":"SearchAction","target":{"@type":"EntryPoint","urlTemplate":"https:\/\/marqconsult.com\/?s={search_term_string}"},"query-input":{"@type":"PropertyValueSpecification","valueRequired":true,"valueName":"search_term_string"}}],"inLanguage":"fr-FR"}]}},"_links":{"self":[{"href":"https:\/\/marqconsult.com\/fr\/wp-json\/wp\/v2\/pages\/2966\/"}],"collection":[{"href":"https:\/\/marqconsult.com\/fr\/wp-json\/wp\/v2\/pages\/"}],"about":[{"href":"https:\/\/marqconsult.com\/fr\/wp-json\/wp\/v2\/types\/page\/"}],"author":[{"embeddable":true,"href":"https:\/\/marqconsult.com\/fr\/wp-json\/wp\/v2\/users\/1\/"}],"replies":[{"embeddable":true,"href":"https:\/\/marqconsult.com\/fr\/wp-json\/wp\/v2\/comments\/?post=2966"}],"version-history":[{"count":5,"href":"https:\/\/marqconsult.com\/fr\/wp-json\/wp\/v2\/pages\/2966\/revisions\/"}],"predecessor-version":[{"id":2980,"href":"https:\/\/marqconsult.com\/fr\/wp-json\/wp\/v2\/pages\/2966\/revisions\/2980\/"}],"up":[{"embeddable":true,"href":"https:\/\/marqconsult.com\/fr\/wp-json\/wp\/v2\/pages\/1628\/"}],"wp:attachment":[{"href":"https:\/\/marqconsult.com\/fr\/wp-json\/wp\/v2\/media\/?parent=2966"}],"curies":[{"name":"wp","href":"https:\/\/api.w.org\/{rel}","templated":true}]}}